{"id":596,"date":"2026-03-08T22:51:19","date_gmt":"2026-03-08T21:51:19","guid":{"rendered":"https:\/\/paulinka-trading-group.pl\/?post_type=product&#038;p=596"},"modified":"2026-03-08T22:51:19","modified_gmt":"2026-03-08T21:51:19","slug":"sonnenblumenoel","status":"publish","type":"product","link":"https:\/\/paulinka-trading-group.pl\/?product=sonnenblumenoel&lang=de","title":{"rendered":"Sonnenblumen\u00f6l"},"content":{"rendered":"","protected":false},"excerpt":{"rendered":"<p>Als Private Label verf\u00fcgbar: Wir bieten die M\u00f6glichkeit, dieses Produkt mit Ihrem individuellen Etikett herzustellen.<\/p>\n","protected":false},"featured_media":0,"comment_status":"open","ping_status":"closed","template":"","meta":{"content-type":""},"product_brand":[],"product_cat":[36],"product_tag":[],"class_list":{"0":"post-596","1":"product","2":"type-product","3":"status-publish","5":"product_cat-oleje-i-oliwy-premium","7":"first","8":"instock","9":"shipping-taxable","10":"product-type-simple"},"_links":{"self":[{"href":"https:\/\/paulinka-trading-group.pl\/index.php?rest_route=\/wp\/v2\/product\/596","targetHints":{"allow":["GET"]}}],"collection":[{"href":"https:\/\/paulinka-trading-group.pl\/index.php?rest_route=\/wp\/v2\/product"}],"about":[{"href":"https:\/\/paulinka-trading-group.pl\/index.php?rest_route=\/wp\/v2\/types\/product"}],"replies":[{"embeddable":true,"href":"https:\/\/paulinka-trading-group.pl\/index.php?rest_route=%2Fwp%2Fv2%2Fcomments&post=596"}],"wp:attachment":[{"href":"https:\/\/paulinka-trading-group.pl\/index.php?rest_route=%2Fwp%2Fv2%2Fmedia&parent=596"}],"wp:term":[{"taxonomy":"product_brand","embeddable":true,"href":"https:\/\/paulinka-trading-group.pl\/index.php?rest_route=%2Fwp%2Fv2%2Fproduct_brand&post=596"},{"taxonomy":"product_cat","embeddable":true,"href":"https:\/\/paulinka-trading-group.pl\/index.php?rest_route=%2Fwp%2Fv2%2Fproduct_cat&post=596"},{"taxonomy":"product_tag","embeddable":true,"href":"https:\/\/paulinka-trading-group.pl\/index.php?rest_route=%2Fwp%2Fv2%2Fproduct_tag&post=596"}],"curies":[{"name":"wp","href":"https:\/\/api.w.org\/{rel}","templated":true}]}}