{"id":558,"date":"2026-03-08T22:30:36","date_gmt":"2026-03-08T21:30:36","guid":{"rendered":"https:\/\/paulinka-trading-group.pl\/?post_type=product&#038;p=558"},"modified":"2026-03-08T22:30:36","modified_gmt":"2026-03-08T21:30:36","slug":"galega-olivenoel","status":"publish","type":"product","link":"https:\/\/paulinka-trading-group.pl\/?product=galega-olivenoel&lang=de","title":{"rendered":"Galega Oliven\u00f6l"},"content":{"rendered":"","protected":false},"excerpt":{"rendered":"<p>Hochwertiges Oliven\u00f6l aus handwerklicher Herstellung, das sich durch ein zartes Aroma und ein ausgewogenes Geschmacksprofil auszeichnet. Produkt f\u00fcr den Einzel- und Gro\u00dfhandel bestimmt.<\/p>\n<p>    Verf\u00fcgbare Kapazit\u00e4ten: 3 l und 5 l.<\/p>\n<p>    Gro\u00dfhandelsversorgung: 200-Liter-F\u00e4sser und 1000-Liter-IBC-Beh\u00e4lter.<\/p>\n<p>    Haltbarkeit: 6 Monate.<\/p>\n<p>    Verwendungszweck: B2B- und HoReCa-Sektor innerhalb der EU.<\/p>\n<p>    Private Label: Als Private Label verf\u00fcgbar: Wir bieten die M\u00f6glichkeit, dieses Produkt mit Ihrem individuellen Etikett herzustellen.<\/p>\n","protected":false},"featured_media":208,"comment_status":"open","ping_status":"closed","template":"","meta":{"content-type":""},"product_brand":[],"product_cat":[36],"product_tag":[],"class_list":{"0":"post-558","1":"product","2":"type-product","3":"status-publish","4":"has-post-thumbnail","6":"product_cat-oleje-i-oliwy-premium","8":"first","9":"instock","10":"shipping-taxable","11":"product-type-simple"},"_links":{"self":[{"href":"https:\/\/paulinka-trading-group.pl\/index.php?rest_route=\/wp\/v2\/product\/558","targetHints":{"allow":["GET"]}}],"collection":[{"href":"https:\/\/paulinka-trading-group.pl\/index.php?rest_route=\/wp\/v2\/product"}],"about":[{"href":"https:\/\/paulinka-trading-group.pl\/index.php?rest_route=\/wp\/v2\/types\/product"}],"replies":[{"embeddable":true,"href":"https:\/\/paulinka-trading-group.pl\/index.php?rest_route=%2Fwp%2Fv2%2Fcomments&post=558"}],"wp:featuredmedia":[{"embeddable":true,"href":"https:\/\/paulinka-trading-group.pl\/index.php?rest_route=\/wp\/v2\/media\/208"}],"wp:attachment":[{"href":"https:\/\/paulinka-trading-group.pl\/index.php?rest_route=%2Fwp%2Fv2%2Fmedia&parent=558"}],"wp:term":[{"taxonomy":"product_brand","embeddable":true,"href":"https:\/\/paulinka-trading-group.pl\/index.php?rest_route=%2Fwp%2Fv2%2Fproduct_brand&post=558"},{"taxonomy":"product_cat","embeddable":true,"href":"https:\/\/paulinka-trading-group.pl\/index.php?rest_route=%2Fwp%2Fv2%2Fproduct_cat&post=558"},{"taxonomy":"product_tag","embeddable":true,"href":"https:\/\/paulinka-trading-group.pl\/index.php?rest_route=%2Fwp%2Fv2%2Fproduct_tag&post=558"}],"curies":[{"name":"wp","href":"https:\/\/api.w.org\/{rel}","templated":true}]}}