{"id":469,"date":"2026-03-08T21:45:35","date_gmt":"2026-03-08T20:45:35","guid":{"rendered":"https:\/\/paulinka-trading-group.pl\/?post_type=product&#038;p=469"},"modified":"2026-03-08T21:45:35","modified_gmt":"2026-03-08T20:45:35","slug":"vifon-milde-ente-instant-nudelsuppe-70g-tan-viet","status":"publish","type":"product","link":"https:\/\/paulinka-trading-group.pl\/?product=vifon-milde-ente-instant-nudelsuppe-70g-tan-viet&lang=de","title":{"rendered":"VIFON MILDE ENTE INSTANT-NUDELSUPPE 70G TAN-VIET"},"content":{"rendered":"","protected":false},"excerpt":{"rendered":"<p>Eine Instant-Nudelsuppe nach chinesischer Art von Tan-Viet mit einem dezenten, orientalischen Geschmack. Schnell in der Zubereitung (3-5 Minuten), ist sie ein hervorragender warmer Snack mit einer aromatischen Br\u00fche, die Noten von Ente und Gew\u00fcrzen vereint. Ein vietnamesisches Produkt nach klassischem Rezept mit zarten Nudeln, ideal f\u00fcr ein schnelles Mittag- oder Abendessen.<\/p>\n","protected":false},"featured_media":399,"comment_status":"open","ping_status":"closed","template":"","meta":{"content-type":""},"product_brand":[],"product_cat":[38],"product_tag":[],"class_list":{"0":"post-469","1":"product","2":"type-product","3":"status-publish","4":"has-post-thumbnail","6":"product_cat-przetwory-i-produkty-suche","8":"first","9":"instock","10":"shipping-taxable","11":"product-type-simple"},"_links":{"self":[{"href":"https:\/\/paulinka-trading-group.pl\/index.php?rest_route=\/wp\/v2\/product\/469","targetHints":{"allow":["GET"]}}],"collection":[{"href":"https:\/\/paulinka-trading-group.pl\/index.php?rest_route=\/wp\/v2\/product"}],"about":[{"href":"https:\/\/paulinka-trading-group.pl\/index.php?rest_route=\/wp\/v2\/types\/product"}],"replies":[{"embeddable":true,"href":"https:\/\/paulinka-trading-group.pl\/index.php?rest_route=%2Fwp%2Fv2%2Fcomments&post=469"}],"wp:featuredmedia":[{"embeddable":true,"href":"https:\/\/paulinka-trading-group.pl\/index.php?rest_route=\/wp\/v2\/media\/399"}],"wp:attachment":[{"href":"https:\/\/paulinka-trading-group.pl\/index.php?rest_route=%2Fwp%2Fv2%2Fmedia&parent=469"}],"wp:term":[{"taxonomy":"product_brand","embeddable":true,"href":"https:\/\/paulinka-trading-group.pl\/index.php?rest_route=%2Fwp%2Fv2%2Fproduct_brand&post=469"},{"taxonomy":"product_cat","embeddable":true,"href":"https:\/\/paulinka-trading-group.pl\/index.php?rest_route=%2Fwp%2Fv2%2Fproduct_cat&post=469"},{"taxonomy":"product_tag","embeddable":true,"href":"https:\/\/paulinka-trading-group.pl\/index.php?rest_route=%2Fwp%2Fv2%2Fproduct_tag&post=469"}],"curies":[{"name":"wp","href":"https:\/\/api.w.org\/{rel}","templated":true}]}}