{"id":465,"date":"2026-03-08T21:43:31","date_gmt":"2026-03-08T20:43:31","guid":{"rendered":"https:\/\/paulinka-trading-group.pl\/?post_type=product&#038;p=465"},"modified":"2026-03-08T21:43:31","modified_gmt":"2026-03-08T20:43:31","slug":"vifon-scharfe-garnelen-instant-nudelsuppe-70g-tan-viet","status":"publish","type":"product","link":"https:\/\/paulinka-trading-group.pl\/?product=vifon-scharfe-garnelen-instant-nudelsuppe-70g-tan-viet&lang=de","title":{"rendered":"VIFON SCHARFE GARNELEN INSTANT-NUDELSUPPE 70G TAN-VIET"},"content":{"rendered":"","protected":false},"excerpt":{"rendered":"<p>Eine beliebte asiatische Instant-Suppe mit einem ausgepr\u00e4gten, scharfen Geschmack und Noten von Garnelen, Kokosnuss und Zitronengras. Eine s\u00e4ttigende, in 3 Minuten (nach dem Aufgie\u00dfen mit kochendem Wasser) fertige Mahlzeit mit Nudeln und intensiver Br\u00fche. Ideal als schneller, w\u00e4rmender Snack mit orientalischem Charakter.<\/p>\n","protected":false},"featured_media":397,"comment_status":"open","ping_status":"closed","template":"","meta":{"content-type":""},"product_brand":[],"product_cat":[38],"product_tag":[],"class_list":{"0":"post-465","1":"product","2":"type-product","3":"status-publish","4":"has-post-thumbnail","6":"product_cat-przetwory-i-produkty-suche","8":"first","9":"instock","10":"shipping-taxable","11":"product-type-simple"},"_links":{"self":[{"href":"https:\/\/paulinka-trading-group.pl\/index.php?rest_route=\/wp\/v2\/product\/465","targetHints":{"allow":["GET"]}}],"collection":[{"href":"https:\/\/paulinka-trading-group.pl\/index.php?rest_route=\/wp\/v2\/product"}],"about":[{"href":"https:\/\/paulinka-trading-group.pl\/index.php?rest_route=\/wp\/v2\/types\/product"}],"replies":[{"embeddable":true,"href":"https:\/\/paulinka-trading-group.pl\/index.php?rest_route=%2Fwp%2Fv2%2Fcomments&post=465"}],"wp:featuredmedia":[{"embeddable":true,"href":"https:\/\/paulinka-trading-group.pl\/index.php?rest_route=\/wp\/v2\/media\/397"}],"wp:attachment":[{"href":"https:\/\/paulinka-trading-group.pl\/index.php?rest_route=%2Fwp%2Fv2%2Fmedia&parent=465"}],"wp:term":[{"taxonomy":"product_brand","embeddable":true,"href":"https:\/\/paulinka-trading-group.pl\/index.php?rest_route=%2Fwp%2Fv2%2Fproduct_brand&post=465"},{"taxonomy":"product_cat","embeddable":true,"href":"https:\/\/paulinka-trading-group.pl\/index.php?rest_route=%2Fwp%2Fv2%2Fproduct_cat&post=465"},{"taxonomy":"product_tag","embeddable":true,"href":"https:\/\/paulinka-trading-group.pl\/index.php?rest_route=%2Fwp%2Fv2%2Fproduct_tag&post=465"}],"curies":[{"name":"wp","href":"https:\/\/api.w.org\/{rel}","templated":true}]}}