{"id":457,"date":"2026-03-08T21:39:14","date_gmt":"2026-03-08T20:39:14","guid":{"rendered":"https:\/\/paulinka-trading-group.pl\/?post_type=product&#038;p=457"},"modified":"2026-03-08T21:39:14","modified_gmt":"2026-03-08T20:39:14","slug":"vifon-mildes-huehnchen-instant-nudelsuppe-70g-tan-viet","status":"publish","type":"product","link":"https:\/\/paulinka-trading-group.pl\/?product=vifon-mildes-huehnchen-instant-nudelsuppe-70g-tan-viet&lang=de","title":{"rendered":"VIFON MILDES H\u00dcHNCHEN INSTANT-NUDELSUPPE 70G TAN-VIET"},"content":{"rendered":"","protected":false},"excerpt":{"rendered":"<p>Ein mildes Instant-Gericht mit einer klassischen, aromatischen Gefl\u00fcgelbr\u00fche. Das Set enth\u00e4lt Weizennudeln, getrockneten Lauch (1 %) und eine Gew\u00fcrzmischung, die in 3 Minuten eine schnelle Mahlzeit bietet. Ein ideales Produkt f\u00fcr ein leichtes Mittagessen, das sich durch einen niedrigen Kaloriengehalt auszeichnet.<\/p>\n","protected":false},"featured_media":393,"comment_status":"open","ping_status":"closed","template":"","meta":{"content-type":""},"product_brand":[],"product_cat":[38],"product_tag":[],"class_list":{"0":"post-457","1":"product","2":"type-product","3":"status-publish","4":"has-post-thumbnail","6":"product_cat-przetwory-i-produkty-suche","8":"first","9":"instock","10":"shipping-taxable","11":"product-type-simple"},"_links":{"self":[{"href":"https:\/\/paulinka-trading-group.pl\/index.php?rest_route=\/wp\/v2\/product\/457","targetHints":{"allow":["GET"]}}],"collection":[{"href":"https:\/\/paulinka-trading-group.pl\/index.php?rest_route=\/wp\/v2\/product"}],"about":[{"href":"https:\/\/paulinka-trading-group.pl\/index.php?rest_route=\/wp\/v2\/types\/product"}],"replies":[{"embeddable":true,"href":"https:\/\/paulinka-trading-group.pl\/index.php?rest_route=%2Fwp%2Fv2%2Fcomments&post=457"}],"wp:featuredmedia":[{"embeddable":true,"href":"https:\/\/paulinka-trading-group.pl\/index.php?rest_route=\/wp\/v2\/media\/393"}],"wp:attachment":[{"href":"https:\/\/paulinka-trading-group.pl\/index.php?rest_route=%2Fwp%2Fv2%2Fmedia&parent=457"}],"wp:term":[{"taxonomy":"product_brand","embeddable":true,"href":"https:\/\/paulinka-trading-group.pl\/index.php?rest_route=%2Fwp%2Fv2%2Fproduct_brand&post=457"},{"taxonomy":"product_cat","embeddable":true,"href":"https:\/\/paulinka-trading-group.pl\/index.php?rest_route=%2Fwp%2Fv2%2Fproduct_cat&post=457"},{"taxonomy":"product_tag","embeddable":true,"href":"https:\/\/paulinka-trading-group.pl\/index.php?rest_route=%2Fwp%2Fv2%2Fproduct_tag&post=457"}],"curies":[{"name":"wp","href":"https:\/\/api.w.org\/{rel}","templated":true}]}}