{"id":451,"date":"2026-03-08T21:36:19","date_gmt":"2026-03-08T20:36:19","guid":{"rendered":"https:\/\/paulinka-trading-group.pl\/?post_type=product&#038;p=451"},"modified":"2026-03-08T21:36:19","modified_gmt":"2026-03-08T20:36:19","slug":"vifon-scharfes-huehnchen-instant-nudelsuppe-70g-tan-viet","status":"publish","type":"product","link":"https:\/\/paulinka-trading-group.pl\/?product=vifon-scharfes-huehnchen-instant-nudelsuppe-70g-tan-viet&lang=de","title":{"rendered":"VIFON SCHARFES H\u00dcHNCHEN INSTANT-NUDELSUPPE 70G TAN-VIET"},"content":{"rendered":"","protected":false},"excerpt":{"rendered":"<p>Eine &#8222;mega scharfe&#8221; Instant-Weizennudelsuppe mit H\u00fchner- und Chili-Geschmack. Dieser beliebte hei\u00dfe Snack ist in 3 Minuten durch Aufgie\u00dfen mit kochendem Wasser zubereitet. Er zeichnet sich durch einen intensiv pikanten Geschmack aus, ideal f\u00fcr Liebhaber der scharfen K\u00fcche, und enth\u00e4lt getrocknetes Gem\u00fcse.<\/p>\n","protected":false},"featured_media":390,"comment_status":"open","ping_status":"closed","template":"","meta":{"content-type":""},"product_brand":[],"product_cat":[38],"product_tag":[],"class_list":{"0":"post-451","1":"product","2":"type-product","3":"status-publish","4":"has-post-thumbnail","6":"product_cat-przetwory-i-produkty-suche","8":"first","9":"instock","10":"shipping-taxable","11":"product-type-simple"},"_links":{"self":[{"href":"https:\/\/paulinka-trading-group.pl\/index.php?rest_route=\/wp\/v2\/product\/451","targetHints":{"allow":["GET"]}}],"collection":[{"href":"https:\/\/paulinka-trading-group.pl\/index.php?rest_route=\/wp\/v2\/product"}],"about":[{"href":"https:\/\/paulinka-trading-group.pl\/index.php?rest_route=\/wp\/v2\/types\/product"}],"replies":[{"embeddable":true,"href":"https:\/\/paulinka-trading-group.pl\/index.php?rest_route=%2Fwp%2Fv2%2Fcomments&post=451"}],"wp:featuredmedia":[{"embeddable":true,"href":"https:\/\/paulinka-trading-group.pl\/index.php?rest_route=\/wp\/v2\/media\/390"}],"wp:attachment":[{"href":"https:\/\/paulinka-trading-group.pl\/index.php?rest_route=%2Fwp%2Fv2%2Fmedia&parent=451"}],"wp:term":[{"taxonomy":"product_brand","embeddable":true,"href":"https:\/\/paulinka-trading-group.pl\/index.php?rest_route=%2Fwp%2Fv2%2Fproduct_brand&post=451"},{"taxonomy":"product_cat","embeddable":true,"href":"https:\/\/paulinka-trading-group.pl\/index.php?rest_route=%2Fwp%2Fv2%2Fproduct_cat&post=451"},{"taxonomy":"product_tag","embeddable":true,"href":"https:\/\/paulinka-trading-group.pl\/index.php?rest_route=%2Fwp%2Fv2%2Fproduct_tag&post=451"}],"curies":[{"name":"wp","href":"https:\/\/api.w.org\/{rel}","templated":true}]}}