{"id":420,"date":"2026-03-08T21:03:11","date_gmt":"2026-03-08T20:03:11","guid":{"rendered":"https:\/\/paulinka-trading-group.pl\/?post_type=product&#038;p=420"},"modified":"2026-03-08T21:03:11","modified_gmt":"2026-03-08T20:03:11","slug":"zupa-vifon-pho-ga-kurczak-blysk-kubek-60g-tan-viet","status":"publish","type":"product","link":"https:\/\/paulinka-trading-group.pl\/?product=zupa-vifon-pho-ga-kurczak-blysk-kubek-60g-tan-viet","title":{"rendered":"ZUPA VIFON PHO GA KURCZAK BLYSK KUBEK 60G TAN-VIET"},"content":{"rendered":"","protected":false},"excerpt":{"rendered":"<p>Nawet najbardziej wymagaj\u0105cy smakosze kulinarni pokochaj\u0105 t\u0119 tradycyjn\u0105 dla Wietnamu zup\u0119 PHO o smaku kurczaka. Ciesz\u0105ca si\u0119 ogromn\u0105 popularno\u015bci\u0105 potrawa zyska\u0142a mi\u0119dzynarodow\u0105 s\u0142aw\u0119 dzi\u0119ki delikatnemu makaronowi ry\u017cowemu i starannie dobranym przyprawom. Wystarczy otworzy\u0107 kubek, zala\u0107 wrz\u0105c\u0105 wod\u0105 i odczeka\u0107 zaledwie trzy minuty. Po prostu niebo w g\u0119bie!<\/p>\n","protected":false},"featured_media":385,"comment_status":"open","ping_status":"closed","template":"","meta":{"content-type":""},"product_brand":[],"product_cat":[38],"product_tag":[],"class_list":{"0":"post-420","1":"product","2":"type-product","3":"status-publish","4":"has-post-thumbnail","6":"product_cat-przetwory-i-produkty-suche","8":"first","9":"instock","10":"shipping-taxable","11":"product-type-simple"},"_links":{"self":[{"href":"https:\/\/paulinka-trading-group.pl\/index.php?rest_route=\/wp\/v2\/product\/420","targetHints":{"allow":["GET"]}}],"collection":[{"href":"https:\/\/paulinka-trading-group.pl\/index.php?rest_route=\/wp\/v2\/product"}],"about":[{"href":"https:\/\/paulinka-trading-group.pl\/index.php?rest_route=\/wp\/v2\/types\/product"}],"replies":[{"embeddable":true,"href":"https:\/\/paulinka-trading-group.pl\/index.php?rest_route=%2Fwp%2Fv2%2Fcomments&post=420"}],"wp:featuredmedia":[{"embeddable":true,"href":"https:\/\/paulinka-trading-group.pl\/index.php?rest_route=\/wp\/v2\/media\/385"}],"wp:attachment":[{"href":"https:\/\/paulinka-trading-group.pl\/index.php?rest_route=%2Fwp%2Fv2%2Fmedia&parent=420"}],"wp:term":[{"taxonomy":"product_brand","embeddable":true,"href":"https:\/\/paulinka-trading-group.pl\/index.php?rest_route=%2Fwp%2Fv2%2Fproduct_brand&post=420"},{"taxonomy":"product_cat","embeddable":true,"href":"https:\/\/paulinka-trading-group.pl\/index.php?rest_route=%2Fwp%2Fv2%2Fproduct_cat&post=420"},{"taxonomy":"product_tag","embeddable":true,"href":"https:\/\/paulinka-trading-group.pl\/index.php?rest_route=%2Fwp%2Fv2%2Fproduct_tag&post=420"}],"curies":[{"name":"wp","href":"https:\/\/api.w.org\/{rel}","templated":true}]}}