{"id":417,"date":"2026-03-08T21:02:09","date_gmt":"2026-03-08T20:02:09","guid":{"rendered":"https:\/\/paulinka-trading-group.pl\/?post_type=product&#038;p=417"},"modified":"2026-03-08T21:02:09","modified_gmt":"2026-03-08T20:02:09","slug":"zupa-vifon-kurczak-zloty-blysk-kubek-60g-tan-viet","status":"publish","type":"product","link":"https:\/\/paulinka-trading-group.pl\/?product=zupa-vifon-kurczak-zloty-blysk-kubek-60g-tan-viet","title":{"rendered":"ZUPA VIFON KURCZAK ZLOTY BLYSK KUBEK 60G TAN-VIET"},"content":{"rendered":"","protected":false},"excerpt":{"rendered":"<p>Popularna, \u0142agodna zupa instant o orientalnym aromacie. Por\u0119czny kubek umo\u017cliwia szybkie przygotowanie (zalanie wrz\u0105tkiem na 3 minuty) w dowolnym miejscu. Zawiera kluski z tapiok\u0105, suszony por, czosnek i przyprawy, zapewniaj\u0105c syc\u0105cy posi\u0142ek w klasycznym smaku.<\/p>\n","protected":false},"featured_media":388,"comment_status":"open","ping_status":"closed","template":"","meta":{"content-type":""},"product_brand":[],"product_cat":[38],"product_tag":[],"class_list":{"0":"post-417","1":"product","2":"type-product","3":"status-publish","4":"has-post-thumbnail","6":"product_cat-przetwory-i-produkty-suche","8":"first","9":"instock","10":"shipping-taxable","11":"product-type-simple"},"_links":{"self":[{"href":"https:\/\/paulinka-trading-group.pl\/index.php?rest_route=\/wp\/v2\/product\/417","targetHints":{"allow":["GET"]}}],"collection":[{"href":"https:\/\/paulinka-trading-group.pl\/index.php?rest_route=\/wp\/v2\/product"}],"about":[{"href":"https:\/\/paulinka-trading-group.pl\/index.php?rest_route=\/wp\/v2\/types\/product"}],"replies":[{"embeddable":true,"href":"https:\/\/paulinka-trading-group.pl\/index.php?rest_route=%2Fwp%2Fv2%2Fcomments&post=417"}],"wp:featuredmedia":[{"embeddable":true,"href":"https:\/\/paulinka-trading-group.pl\/index.php?rest_route=\/wp\/v2\/media\/388"}],"wp:attachment":[{"href":"https:\/\/paulinka-trading-group.pl\/index.php?rest_route=%2Fwp%2Fv2%2Fmedia&parent=417"}],"wp:term":[{"taxonomy":"product_brand","embeddable":true,"href":"https:\/\/paulinka-trading-group.pl\/index.php?rest_route=%2Fwp%2Fv2%2Fproduct_brand&post=417"},{"taxonomy":"product_cat","embeddable":true,"href":"https:\/\/paulinka-trading-group.pl\/index.php?rest_route=%2Fwp%2Fv2%2Fproduct_cat&post=417"},{"taxonomy":"product_tag","embeddable":true,"href":"https:\/\/paulinka-trading-group.pl\/index.php?rest_route=%2Fwp%2Fv2%2Fproduct_tag&post=417"}],"curies":[{"name":"wp","href":"https:\/\/api.w.org\/{rel}","templated":true}]}}