{"id":416,"date":"2026-03-08T21:01:49","date_gmt":"2026-03-08T20:01:49","guid":{"rendered":"https:\/\/paulinka-trading-group.pl\/?post_type=product&#038;p=416"},"modified":"2026-03-08T21:01:49","modified_gmt":"2026-03-08T20:01:49","slug":"zupa-vifon-kurczak-zloty-blysk-70g-tan-viet","status":"publish","type":"product","link":"https:\/\/paulinka-trading-group.pl\/?product=zupa-vifon-kurczak-zloty-blysk-70g-tan-viet","title":{"rendered":"ZUPA VIFON KURCZAK ZLOTY BLYSK 70G TAN-VIET"},"content":{"rendered":"","protected":false},"excerpt":{"rendered":"<p>Popularne, \u0142agodne danie wietnamskie o orientalnym aromacie. Sk\u0142ada si\u0119 z klusek pszennych (92,8%) z tapiok\u0105 oraz saszetek z przyprawami (suszone warzywa: por, szalotka, czosnek). To szybka przek\u0105ska gotowa w 3 minuty po zalaniu wrz\u0105tkiem, wyr\u00f3\u017cniona Laurem Konsumenta 2020.<\/p>\n","protected":false},"featured_media":389,"comment_status":"open","ping_status":"closed","template":"","meta":{"content-type":""},"product_brand":[],"product_cat":[38],"product_tag":[],"class_list":{"0":"post-416","1":"product","2":"type-product","3":"status-publish","4":"has-post-thumbnail","6":"product_cat-przetwory-i-produkty-suche","8":"first","9":"instock","10":"shipping-taxable","11":"product-type-simple"},"_links":{"self":[{"href":"https:\/\/paulinka-trading-group.pl\/index.php?rest_route=\/wp\/v2\/product\/416","targetHints":{"allow":["GET"]}}],"collection":[{"href":"https:\/\/paulinka-trading-group.pl\/index.php?rest_route=\/wp\/v2\/product"}],"about":[{"href":"https:\/\/paulinka-trading-group.pl\/index.php?rest_route=\/wp\/v2\/types\/product"}],"replies":[{"embeddable":true,"href":"https:\/\/paulinka-trading-group.pl\/index.php?rest_route=%2Fwp%2Fv2%2Fcomments&post=416"}],"wp:featuredmedia":[{"embeddable":true,"href":"https:\/\/paulinka-trading-group.pl\/index.php?rest_route=\/wp\/v2\/media\/389"}],"wp:attachment":[{"href":"https:\/\/paulinka-trading-group.pl\/index.php?rest_route=%2Fwp%2Fv2%2Fmedia&parent=416"}],"wp:term":[{"taxonomy":"product_brand","embeddable":true,"href":"https:\/\/paulinka-trading-group.pl\/index.php?rest_route=%2Fwp%2Fv2%2Fproduct_brand&post=416"},{"taxonomy":"product_cat","embeddable":true,"href":"https:\/\/paulinka-trading-group.pl\/index.php?rest_route=%2Fwp%2Fv2%2Fproduct_cat&post=416"},{"taxonomy":"product_tag","embeddable":true,"href":"https:\/\/paulinka-trading-group.pl\/index.php?rest_route=%2Fwp%2Fv2%2Fproduct_tag&post=416"}],"curies":[{"name":"wp","href":"https:\/\/api.w.org\/{rel}","templated":true}]}}