{"id":415,"date":"2026-03-08T21:01:26","date_gmt":"2026-03-08T20:01:26","guid":{"rendered":"https:\/\/paulinka-trading-group.pl\/?post_type=product&#038;p=415"},"modified":"2026-03-08T21:04:39","modified_gmt":"2026-03-08T20:04:39","slug":"zupa-vifon-kurczak-pikantny-blysk-70g-tan-viet","status":"publish","type":"product","link":"https:\/\/paulinka-trading-group.pl\/?product=zupa-vifon-kurczak-pikantny-blysk-70g-tan-viet","title":{"rendered":"ZUPA VIFON KURCZAK PIKANTNY BLYSK 70G TAN-VIET"},"content":{"rendered":"","protected":false},"excerpt":{"rendered":"<p>B\u0142yskawiczna, &#8222;mega ostra&#8221; zupa z makaronem pszennym o smaku kurczaka z chili. To popularna, gor\u0105ca przek\u0105ska, kt\u00f3r\u0105 przygotowuje si\u0119 w 3 minuty, zalewaj\u0105c wrz\u0105tkiem. Charakteryzuje si\u0119 intensywnie pikantnym smakiem, idealnym dla mi\u0142o\u015bnik\u00f3w ostrej kuchni, zawieraj\u0105cym suszone warzywa.<\/p>\n","protected":false},"featured_media":390,"comment_status":"open","ping_status":"closed","template":"","meta":{"content-type":""},"product_brand":[],"product_cat":[38],"product_tag":[],"class_list":{"0":"post-415","1":"product","2":"type-product","3":"status-publish","4":"has-post-thumbnail","6":"product_cat-przetwory-i-produkty-suche","8":"first","9":"instock","10":"shipping-taxable","11":"product-type-simple"},"_links":{"self":[{"href":"https:\/\/paulinka-trading-group.pl\/index.php?rest_route=\/wp\/v2\/product\/415","targetHints":{"allow":["GET"]}}],"collection":[{"href":"https:\/\/paulinka-trading-group.pl\/index.php?rest_route=\/wp\/v2\/product"}],"about":[{"href":"https:\/\/paulinka-trading-group.pl\/index.php?rest_route=\/wp\/v2\/types\/product"}],"replies":[{"embeddable":true,"href":"https:\/\/paulinka-trading-group.pl\/index.php?rest_route=%2Fwp%2Fv2%2Fcomments&post=415"}],"wp:featuredmedia":[{"embeddable":true,"href":"https:\/\/paulinka-trading-group.pl\/index.php?rest_route=\/wp\/v2\/media\/390"}],"wp:attachment":[{"href":"https:\/\/paulinka-trading-group.pl\/index.php?rest_route=%2Fwp%2Fv2%2Fmedia&parent=415"}],"wp:term":[{"taxonomy":"product_brand","embeddable":true,"href":"https:\/\/paulinka-trading-group.pl\/index.php?rest_route=%2Fwp%2Fv2%2Fproduct_brand&post=415"},{"taxonomy":"product_cat","embeddable":true,"href":"https:\/\/paulinka-trading-group.pl\/index.php?rest_route=%2Fwp%2Fv2%2Fproduct_cat&post=415"},{"taxonomy":"product_tag","embeddable":true,"href":"https:\/\/paulinka-trading-group.pl\/index.php?rest_route=%2Fwp%2Fv2%2Fproduct_tag&post=415"}],"curies":[{"name":"wp","href":"https:\/\/api.w.org\/{rel}","templated":true}]}}