{"id":413,"date":"2026-03-08T21:00:46","date_gmt":"2026-03-08T20:00:46","guid":{"rendered":"https:\/\/paulinka-trading-group.pl\/?post_type=product&#038;p=413"},"modified":"2026-03-08T21:00:46","modified_gmt":"2026-03-08T20:00:46","slug":"zupa-vifon-kurczak-lagodny-blysk-misk-85g-tan-viet","status":"publish","type":"product","link":"https:\/\/paulinka-trading-group.pl\/?product=zupa-vifon-kurczak-lagodny-blysk-misk-85g-tan-viet","title":{"rendered":"ZUPA VIFON KURCZAK LAGODNY BLYSK MISK 85G TAN-VIET"},"content":{"rendered":"","protected":false},"excerpt":{"rendered":"<p>Szybki w przygotowaniu, \u0142agodny posi\u0142ek instant w wygodnej misce od Tan-Viet. Charakteryzuje si\u0119 delikatnym smakiem pieczonego kurczaka i aromatycznym bulionem, idealny na szybk\u0105 przek\u0105sk\u0119. Wystarczy zala\u0107 wrz\u0105tkiem, odczeka\u0107 3 minuty i gotowe.<\/p>\n","protected":false},"featured_media":392,"comment_status":"open","ping_status":"closed","template":"","meta":{"content-type":""},"product_brand":[],"product_cat":[38],"product_tag":[],"class_list":{"0":"post-413","1":"product","2":"type-product","3":"status-publish","4":"has-post-thumbnail","6":"product_cat-przetwory-i-produkty-suche","8":"first","9":"instock","10":"shipping-taxable","11":"product-type-simple"},"_links":{"self":[{"href":"https:\/\/paulinka-trading-group.pl\/index.php?rest_route=\/wp\/v2\/product\/413","targetHints":{"allow":["GET"]}}],"collection":[{"href":"https:\/\/paulinka-trading-group.pl\/index.php?rest_route=\/wp\/v2\/product"}],"about":[{"href":"https:\/\/paulinka-trading-group.pl\/index.php?rest_route=\/wp\/v2\/types\/product"}],"replies":[{"embeddable":true,"href":"https:\/\/paulinka-trading-group.pl\/index.php?rest_route=%2Fwp%2Fv2%2Fcomments&post=413"}],"wp:featuredmedia":[{"embeddable":true,"href":"https:\/\/paulinka-trading-group.pl\/index.php?rest_route=\/wp\/v2\/media\/392"}],"wp:attachment":[{"href":"https:\/\/paulinka-trading-group.pl\/index.php?rest_route=%2Fwp%2Fv2%2Fmedia&parent=413"}],"wp:term":[{"taxonomy":"product_brand","embeddable":true,"href":"https:\/\/paulinka-trading-group.pl\/index.php?rest_route=%2Fwp%2Fv2%2Fproduct_brand&post=413"},{"taxonomy":"product_cat","embeddable":true,"href":"https:\/\/paulinka-trading-group.pl\/index.php?rest_route=%2Fwp%2Fv2%2Fproduct_cat&post=413"},{"taxonomy":"product_tag","embeddable":true,"href":"https:\/\/paulinka-trading-group.pl\/index.php?rest_route=%2Fwp%2Fv2%2Fproduct_tag&post=413"}],"curies":[{"name":"wp","href":"https:\/\/api.w.org\/{rel}","templated":true}]}}