{"id":409,"date":"2026-03-08T20:59:15","date_gmt":"2026-03-08T19:59:15","guid":{"rendered":"https:\/\/paulinka-trading-group.pl\/?post_type=product&#038;p=409"},"modified":"2026-03-08T20:59:15","modified_gmt":"2026-03-08T19:59:15","slug":"zupa-vifon-krewetkowa-tajska-blysk-70g-tan-viet","status":"publish","type":"product","link":"https:\/\/paulinka-trading-group.pl\/?product=zupa-vifon-krewetkowa-tajska-blysk-70g-tan-viet","title":{"rendered":"ZUPA VIFON KREWETKOWA TAJSKA BLYSK 70G TAN-VIET"},"content":{"rendered":"","protected":false},"excerpt":{"rendered":"<p>Ostra, b\u0142yskawiczna zupa typu instant od Tan-Viet, oferuj\u0105ca egzotyczny smak azjatyckiej kuchni. Charakteryzuje si\u0119 pikantnym aromatem chili, trawy cytrynowej i krewetek. Idealna jako szybka przek\u0105ska, gotowa po zalaniu wrz\u0105tkiem w 3 minuty.<\/p>\n","protected":false},"featured_media":396,"comment_status":"open","ping_status":"closed","template":"","meta":{"content-type":""},"product_brand":[],"product_cat":[38],"product_tag":[],"class_list":{"0":"post-409","1":"product","2":"type-product","3":"status-publish","4":"has-post-thumbnail","6":"product_cat-przetwory-i-produkty-suche","8":"first","9":"instock","10":"shipping-taxable","11":"product-type-simple"},"_links":{"self":[{"href":"https:\/\/paulinka-trading-group.pl\/index.php?rest_route=\/wp\/v2\/product\/409","targetHints":{"allow":["GET"]}}],"collection":[{"href":"https:\/\/paulinka-trading-group.pl\/index.php?rest_route=\/wp\/v2\/product"}],"about":[{"href":"https:\/\/paulinka-trading-group.pl\/index.php?rest_route=\/wp\/v2\/types\/product"}],"replies":[{"embeddable":true,"href":"https:\/\/paulinka-trading-group.pl\/index.php?rest_route=%2Fwp%2Fv2%2Fcomments&post=409"}],"wp:featuredmedia":[{"embeddable":true,"href":"https:\/\/paulinka-trading-group.pl\/index.php?rest_route=\/wp\/v2\/media\/396"}],"wp:attachment":[{"href":"https:\/\/paulinka-trading-group.pl\/index.php?rest_route=%2Fwp%2Fv2%2Fmedia&parent=409"}],"wp:term":[{"taxonomy":"product_brand","embeddable":true,"href":"https:\/\/paulinka-trading-group.pl\/index.php?rest_route=%2Fwp%2Fv2%2Fproduct_brand&post=409"},{"taxonomy":"product_cat","embeddable":true,"href":"https:\/\/paulinka-trading-group.pl\/index.php?rest_route=%2Fwp%2Fv2%2Fproduct_cat&post=409"},{"taxonomy":"product_tag","embeddable":true,"href":"https:\/\/paulinka-trading-group.pl\/index.php?rest_route=%2Fwp%2Fv2%2Fproduct_tag&post=409"}],"curies":[{"name":"wp","href":"https:\/\/api.w.org\/{rel}","templated":true}]}}