{"id":406,"date":"2026-03-08T20:57:45","date_gmt":"2026-03-08T19:57:45","guid":{"rendered":"https:\/\/paulinka-trading-group.pl\/?post_type=product&#038;p=406"},"modified":"2026-03-08T20:57:45","modified_gmt":"2026-03-08T19:57:45","slug":"zupa-vifon-kaczka-lagodna-blysk-70g-tan-viet","status":"publish","type":"product","link":"https:\/\/paulinka-trading-group.pl\/?product=zupa-vifon-kaczka-lagodna-blysk-70g-tan-viet","title":{"rendered":"ZUPA VIFON KACZKA LAGODNA BLYSK 70G TAN-VIET"},"content":{"rendered":"","protected":false},"excerpt":{"rendered":"<p>B\u0142yskawiczna zupa chi\u0144ska od Tan-Viet o delikatnym, orientalnym smaku. Szybka w przygotowaniu (3-5 minut), stanowi doskona\u0142\u0105, ciep\u0142\u0105 przek\u0105sk\u0119 o aromatycznym bulionie z nut\u0105 kaczki i przypraw. Produkt wietnamski, oparty na klasycznej recepturze z delikatnym makaronem, idealny na szybki lunch lub kolacj\u0119.<\/p>\n","protected":false},"featured_media":399,"comment_status":"open","ping_status":"closed","template":"","meta":{"content-type":""},"product_brand":[],"product_cat":[38],"product_tag":[],"class_list":{"0":"post-406","1":"product","2":"type-product","3":"status-publish","4":"has-post-thumbnail","6":"product_cat-przetwory-i-produkty-suche","8":"first","9":"instock","10":"shipping-taxable","11":"product-type-simple"},"_links":{"self":[{"href":"https:\/\/paulinka-trading-group.pl\/index.php?rest_route=\/wp\/v2\/product\/406","targetHints":{"allow":["GET"]}}],"collection":[{"href":"https:\/\/paulinka-trading-group.pl\/index.php?rest_route=\/wp\/v2\/product"}],"about":[{"href":"https:\/\/paulinka-trading-group.pl\/index.php?rest_route=\/wp\/v2\/types\/product"}],"replies":[{"embeddable":true,"href":"https:\/\/paulinka-trading-group.pl\/index.php?rest_route=%2Fwp%2Fv2%2Fcomments&post=406"}],"wp:featuredmedia":[{"embeddable":true,"href":"https:\/\/paulinka-trading-group.pl\/index.php?rest_route=\/wp\/v2\/media\/399"}],"wp:attachment":[{"href":"https:\/\/paulinka-trading-group.pl\/index.php?rest_route=%2Fwp%2Fv2%2Fmedia&parent=406"}],"wp:term":[{"taxonomy":"product_brand","embeddable":true,"href":"https:\/\/paulinka-trading-group.pl\/index.php?rest_route=%2Fwp%2Fv2%2Fproduct_brand&post=406"},{"taxonomy":"product_cat","embeddable":true,"href":"https:\/\/paulinka-trading-group.pl\/index.php?rest_route=%2Fwp%2Fv2%2Fproduct_cat&post=406"},{"taxonomy":"product_tag","embeddable":true,"href":"https:\/\/paulinka-trading-group.pl\/index.php?rest_route=%2Fwp%2Fv2%2Fproduct_tag&post=406"}],"curies":[{"name":"wp","href":"https:\/\/api.w.org\/{rel}","templated":true}]}}