{"id":207,"date":"2026-02-28T21:21:24","date_gmt":"2026-02-28T20:21:24","guid":{"rendered":"https:\/\/paulinka-trading-group.pl\/?post_type=product&#038;p=207"},"modified":"2026-03-08T22:29:38","modified_gmt":"2026-03-08T21:29:38","slug":"oliwa-z-oliwek-galega","status":"publish","type":"product","link":"https:\/\/paulinka-trading-group.pl\/?product=oliwa-z-oliwek-galega","title":{"rendered":"Oliwa z oliwek Galega"},"content":{"rendered":"","protected":false},"excerpt":{"rendered":"<p class=\"western\"><span lang=\"zxx\">Wysokiej jako\u015bci oliwa z oliwek produkowana metod\u0105 rzemie\u015blnicz\u0105, charakteryzuj\u0105ca si\u0119 delikatnym aromatem i zbalansowanym profilem smakowym.<br \/>\nProdukt przeznaczony do sprzeda\u017cy detalicznej i hurtowej.<\/span><\/p>\n<p class=\"maps-to-line\"><strong>Dost\u0119pne pojemno\u015bci:<\/strong>\u00a0Ofert\u0119 podstawow\u0105 stanowi\u0105 nieco wi\u0119ksze butelki dostarczane w pojemno\u015bciach 3 l oraz 5 l.<\/p>\n<p class=\"maps-to-line\"><strong>Zaopatrzenie hurtowe:<\/strong>\u00a0Sta\u0142e i masowe dostawy hurtowe obs\u0142ugiwane s\u0105 z wykorzystaniem 200-litrowych beczek i 1000-litrowych zbiornik\u00f3w IBC.<\/p>\n<p class=\"maps-to-line\"><strong>Termin przydatno\u015bci i logistyka:<\/strong> Oliwa zachowuje pe\u0142ni\u0119 swoich walor\u00f3w smakowych przez 6 miesi\u0119cy.<\/p>\n<p class=\"maps-to-line\"><strong>Przeznaczenie:<\/strong>\u00a0Produkt ten dedykowany jest z my\u015bl\u0105 o niezawodnym wsparciu szeroko poj\u0119tego sektora B2B oraz HoReCa na terytorium Unii Europejskiej.<\/p>\n<p>&nbsp;<\/p>\n<p>Dost\u0119pne jako Private Label: Zapewniamy mo\u017cliwo\u015b\u0107 wyprodukowania tego produktu z Twoj\u0105 indywidualn\u0105 etykiet\u0105.<\/p>\n","protected":false},"featured_media":208,"comment_status":"open","ping_status":"closed","template":"","meta":{"content-type":""},"product_brand":[],"product_cat":[36],"product_tag":[],"class_list":{"0":"post-207","1":"product","2":"type-product","3":"status-publish","4":"has-post-thumbnail","6":"product_cat-oleje-i-oliwy-premium","8":"first","9":"instock","10":"shipping-taxable","11":"product-type-simple"},"_links":{"self":[{"href":"https:\/\/paulinka-trading-group.pl\/index.php?rest_route=\/wp\/v2\/product\/207","targetHints":{"allow":["GET"]}}],"collection":[{"href":"https:\/\/paulinka-trading-group.pl\/index.php?rest_route=\/wp\/v2\/product"}],"about":[{"href":"https:\/\/paulinka-trading-group.pl\/index.php?rest_route=\/wp\/v2\/types\/product"}],"replies":[{"embeddable":true,"href":"https:\/\/paulinka-trading-group.pl\/index.php?rest_route=%2Fwp%2Fv2%2Fcomments&post=207"}],"wp:featuredmedia":[{"embeddable":true,"href":"https:\/\/paulinka-trading-group.pl\/index.php?rest_route=\/wp\/v2\/media\/208"}],"wp:attachment":[{"href":"https:\/\/paulinka-trading-group.pl\/index.php?rest_route=%2Fwp%2Fv2%2Fmedia&parent=207"}],"wp:term":[{"taxonomy":"product_brand","embeddable":true,"href":"https:\/\/paulinka-trading-group.pl\/index.php?rest_route=%2Fwp%2Fv2%2Fproduct_brand&post=207"},{"taxonomy":"product_cat","embeddable":true,"href":"https:\/\/paulinka-trading-group.pl\/index.php?rest_route=%2Fwp%2Fv2%2Fproduct_cat&post=207"},{"taxonomy":"product_tag","embeddable":true,"href":"https:\/\/paulinka-trading-group.pl\/index.php?rest_route=%2Fwp%2Fv2%2Fproduct_tag&post=207"}],"curies":[{"name":"wp","href":"https:\/\/api.w.org\/{rel}","templated":true}]}}