{"id":206,"date":"2026-02-28T21:18:14","date_gmt":"2026-02-28T20:18:14","guid":{"rendered":"https:\/\/paulinka-trading-group.pl\/?post_type=product&#038;p=206"},"modified":"2026-02-28T21:18:14","modified_gmt":"2026-02-28T20:18:14","slug":"olej-slonecznikowy","status":"publish","type":"product","link":"https:\/\/paulinka-trading-group.pl\/?product=olej-slonecznikowy","title":{"rendered":"Olej s\u0142onecznikowy"},"content":{"rendered":"","protected":false},"excerpt":{"rendered":"<p class=\"maps-to-line\">Olej s\u0142onecznikowy charakteryzuj\u0105cy si\u0119 starann\u0105 produkcj\u0105 poprzez bezpo\u015brednie t\u0142oczenie na zimno.<\/p>\n<p class=\"maps-to-line\"><strong>Dost\u0119pne pojemno\u015bci:<\/strong>\u00a0Konfekcjonowany dla mniejszych odbiorc\u00f3w w pojemno\u015bciach rz\u0119du 100 ml, 250 ml, 1 l oraz 5 l.<\/p>\n<p class=\"maps-to-line\"><strong>Zaopatrzenie hurtowe:<\/strong>\u00a0Na potrzeby sprzeda\u017cy masowej, olej przelewany jest do beczek (200 l) oraz wygodnych paletopojemnik\u00f3w IBC (1000 l).<\/p>\n<p class=\"maps-to-line\"><strong>Termin przydatno\u015bci i logistyka:<\/strong>\u00a0Wa\u017cno\u015b\u0107 spo\u017cywcza tego wyrobu wynosi 6 miesi\u0119cy , natomiast wyj\u015bciowa dolna granica zam\u00f3wienia rozpoczyna si\u0119 od 1 palety EURO.<\/p>\n<p class=\"maps-to-line\"><strong>Przeznaczenie:<\/strong>\u00a0Wysoce uniwersalny produkt, kt\u00f3ry jest z sukcesem dystrybuowany do punkt\u00f3w detalicznych, plac\u00f3wek HoReCa oraz zak\u0142ad\u00f3w przemys\u0142owych.<\/p>\n<p>&nbsp;<\/p>\n<p>Dost\u0119pne jako Private Label: Zapewniamy mo\u017cliwo\u015b\u0107 wyprodukowania tego produktu z Twoj\u0105 indywidualn\u0105 etykiet\u0105.<\/p>\n","protected":false},"featured_media":0,"comment_status":"open","ping_status":"closed","template":"","meta":{"content-type":""},"product_brand":[],"product_cat":[36],"product_tag":[],"class_list":{"0":"post-206","1":"product","2":"type-product","3":"status-publish","5":"product_cat-oleje-i-oliwy-premium","7":"first","8":"instock","9":"shipping-taxable","10":"product-type-simple"},"_links":{"self":[{"href":"https:\/\/paulinka-trading-group.pl\/index.php?rest_route=\/wp\/v2\/product\/206","targetHints":{"allow":["GET"]}}],"collection":[{"href":"https:\/\/paulinka-trading-group.pl\/index.php?rest_route=\/wp\/v2\/product"}],"about":[{"href":"https:\/\/paulinka-trading-group.pl\/index.php?rest_route=\/wp\/v2\/types\/product"}],"replies":[{"embeddable":true,"href":"https:\/\/paulinka-trading-group.pl\/index.php?rest_route=%2Fwp%2Fv2%2Fcomments&post=206"}],"wp:attachment":[{"href":"https:\/\/paulinka-trading-group.pl\/index.php?rest_route=%2Fwp%2Fv2%2Fmedia&parent=206"}],"wp:term":[{"taxonomy":"product_brand","embeddable":true,"href":"https:\/\/paulinka-trading-group.pl\/index.php?rest_route=%2Fwp%2Fv2%2Fproduct_brand&post=206"},{"taxonomy":"product_cat","embeddable":true,"href":"https:\/\/paulinka-trading-group.pl\/index.php?rest_route=%2Fwp%2Fv2%2Fproduct_cat&post=206"},{"taxonomy":"product_tag","embeddable":true,"href":"https:\/\/paulinka-trading-group.pl\/index.php?rest_route=%2Fwp%2Fv2%2Fproduct_tag&post=206"}],"curies":[{"name":"wp","href":"https:\/\/api.w.org\/{rel}","templated":true}]}}