{"id":205,"date":"2026-02-28T21:17:40","date_gmt":"2026-02-28T20:17:40","guid":{"rendered":"https:\/\/paulinka-trading-group.pl\/?post_type=product&#038;p=205"},"modified":"2026-02-28T21:17:40","modified_gmt":"2026-02-28T20:17:40","slug":"olej-rzepakowy","status":"publish","type":"product","link":"https:\/\/paulinka-trading-group.pl\/?product=olej-rzepakowy","title":{"rendered":"Olej rzepakowy"},"content":{"rendered":"","protected":false},"excerpt":{"rendered":"<p class=\"maps-to-line\">Wysokiej jako\u015bci olej rzepakowy, pozyskiwany w bezpiecznym procesie t\u0142oczenia na zimno.<\/p>\n<p class=\"maps-to-line\"><strong>Dost\u0119pne pojemno\u015bci:<\/strong>\u00a0Pakowany jest w por\u0119czne butelki o pojemno\u015bci 100 ml, 250 ml, 1 l oraz 5 l.<\/p>\n<p class=\"maps-to-line\"><strong>Zaopatrzenie hurtowe:<\/strong>\u00a0Istnieje opcja hurtowych dostaw w formatach przemys\u0142owych, takich jak beczki 200 l i du\u017ce zbiorniki IBC 1000 l.<\/p>\n<p class=\"maps-to-line\"><strong>Termin przydatno\u015bci i logistyka:<\/strong>\u00a0Olej oferuje zachowanie \u015bwie\u017co\u015bci do 6 miesi\u0119cy od daty produkcji przy wymaganym minimalnym zam\u00f3wieniu r\u00f3wnym 1 palecie EURO.<\/p>\n<p class=\"maps-to-line\"><strong>Przeznaczenie:<\/strong>\u00a0Stworzony do dystrybucji w handlu detalicznym, na wymagaj\u0105cym rynku HoReCa oraz w r\u00f3\u017cnego typu bran\u017cach przemys\u0142owych.<\/p>\n<p>&nbsp;<\/p>\n<p>Dost\u0119pne jako Private Label: Zapewniamy mo\u017cliwo\u015b\u0107 wyprodukowania tego produktu z Twoj\u0105 indywidualn\u0105 etykiet\u0105.<\/p>\n","protected":false},"featured_media":0,"comment_status":"open","ping_status":"closed","template":"","meta":{"content-type":""},"product_brand":[],"product_cat":[36],"product_tag":[],"class_list":{"0":"post-205","1":"product","2":"type-product","3":"status-publish","5":"product_cat-oleje-i-oliwy-premium","7":"first","8":"instock","9":"shipping-taxable","10":"product-type-simple"},"_links":{"self":[{"href":"https:\/\/paulinka-trading-group.pl\/index.php?rest_route=\/wp\/v2\/product\/205","targetHints":{"allow":["GET"]}}],"collection":[{"href":"https:\/\/paulinka-trading-group.pl\/index.php?rest_route=\/wp\/v2\/product"}],"about":[{"href":"https:\/\/paulinka-trading-group.pl\/index.php?rest_route=\/wp\/v2\/types\/product"}],"replies":[{"embeddable":true,"href":"https:\/\/paulinka-trading-group.pl\/index.php?rest_route=%2Fwp%2Fv2%2Fcomments&post=205"}],"wp:attachment":[{"href":"https:\/\/paulinka-trading-group.pl\/index.php?rest_route=%2Fwp%2Fv2%2Fmedia&parent=205"}],"wp:term":[{"taxonomy":"product_brand","embeddable":true,"href":"https:\/\/paulinka-trading-group.pl\/index.php?rest_route=%2Fwp%2Fv2%2Fproduct_brand&post=205"},{"taxonomy":"product_cat","embeddable":true,"href":"https:\/\/paulinka-trading-group.pl\/index.php?rest_route=%2Fwp%2Fv2%2Fproduct_cat&post=205"},{"taxonomy":"product_tag","embeddable":true,"href":"https:\/\/paulinka-trading-group.pl\/index.php?rest_route=%2Fwp%2Fv2%2Fproduct_tag&post=205"}],"curies":[{"name":"wp","href":"https:\/\/api.w.org\/{rel}","templated":true}]}}