{"id":203,"date":"2026-02-28T21:15:16","date_gmt":"2026-02-28T20:15:16","guid":{"rendered":"https:\/\/paulinka-trading-group.pl\/?post_type=product&#038;p=203"},"modified":"2026-02-28T21:15:16","modified_gmt":"2026-02-28T20:15:16","slug":"olej-z-pestek-dyni","status":"publish","type":"product","link":"https:\/\/paulinka-trading-group.pl\/?product=olej-z-pestek-dyni","title":{"rendered":"Olej z pestek dyni"},"content":{"rendered":"","protected":false},"excerpt":{"rendered":"<p class=\"maps-to-line\">Olej z pestek dyni z serii Kaszubskie to w pe\u0142ni naturalny produkt t\u0142oczony na zimno.<\/p>\n<p class=\"maps-to-line\"><strong>Dost\u0119pne pojemno\u015bci:<\/strong>\u00a0Klienci detaliczni mog\u0105 wybiera\u0107 spo\u015br\u00f3d wariant\u00f3w butelek: 100 ml, 250 ml, 1 l i 5 l.<\/p>\n<p class=\"maps-to-line\"><strong>Zaopatrzenie hurtowe:<\/strong>\u00a0Zakupy w wi\u0119kszych ilo\u015bciach obs\u0142ugiwane s\u0105 za pomoc\u0105 beczek (200 l) i du\u017cych zbiornik\u00f3w IBC (1000 l).<\/p>\n<p class=\"maps-to-line\"><strong>Termin przydatno\u015bci i logistyka:<\/strong>\u00a0Olej zachowuje swoj\u0105 jako\u015b\u0107 przez 6 miesi\u0119cy , przy czym minimum logistyczne wysy\u0142ki to 1 paleta EURO.<\/p>\n<p class=\"maps-to-line\"><strong>Przeznaczenie:<\/strong>\u00a0Olej ten z powodzeniem znajduje zastosowanie na rynku detalicznym, w bran\u017cy HoReCa oraz w \u015brodowisku przemys\u0142owym.<\/p>\n<p>&nbsp;<\/p>\n<p>Dost\u0119pne jako Private Label: Zapewniamy mo\u017cliwo\u015b\u0107 wyprodukowania tego produktu z Twoj\u0105 indywidualn\u0105 etykiet\u0105.<\/p>\n","protected":false},"featured_media":185,"comment_status":"open","ping_status":"closed","template":"","meta":{"content-type":""},"product_brand":[],"product_cat":[36],"product_tag":[],"class_list":{"0":"post-203","1":"product","2":"type-product","3":"status-publish","4":"has-post-thumbnail","6":"product_cat-oleje-i-oliwy-premium","8":"first","9":"instock","10":"shipping-taxable","11":"product-type-simple"},"_links":{"self":[{"href":"https:\/\/paulinka-trading-group.pl\/index.php?rest_route=\/wp\/v2\/product\/203","targetHints":{"allow":["GET"]}}],"collection":[{"href":"https:\/\/paulinka-trading-group.pl\/index.php?rest_route=\/wp\/v2\/product"}],"about":[{"href":"https:\/\/paulinka-trading-group.pl\/index.php?rest_route=\/wp\/v2\/types\/product"}],"replies":[{"embeddable":true,"href":"https:\/\/paulinka-trading-group.pl\/index.php?rest_route=%2Fwp%2Fv2%2Fcomments&post=203"}],"wp:featuredmedia":[{"embeddable":true,"href":"https:\/\/paulinka-trading-group.pl\/index.php?rest_route=\/wp\/v2\/media\/185"}],"wp:attachment":[{"href":"https:\/\/paulinka-trading-group.pl\/index.php?rest_route=%2Fwp%2Fv2%2Fmedia&parent=203"}],"wp:term":[{"taxonomy":"product_brand","embeddable":true,"href":"https:\/\/paulinka-trading-group.pl\/index.php?rest_route=%2Fwp%2Fv2%2Fproduct_brand&post=203"},{"taxonomy":"product_cat","embeddable":true,"href":"https:\/\/paulinka-trading-group.pl\/index.php?rest_route=%2Fwp%2Fv2%2Fproduct_cat&post=203"},{"taxonomy":"product_tag","embeddable":true,"href":"https:\/\/paulinka-trading-group.pl\/index.php?rest_route=%2Fwp%2Fv2%2Fproduct_tag&post=203"}],"curies":[{"name":"wp","href":"https:\/\/api.w.org\/{rel}","templated":true}]}}