{"id":202,"date":"2026-02-28T21:14:36","date_gmt":"2026-02-28T20:14:36","guid":{"rendered":"https:\/\/paulinka-trading-group.pl\/?post_type=product&#038;p=202"},"modified":"2026-02-28T21:14:36","modified_gmt":"2026-02-28T20:14:36","slug":"olej-konopny","status":"publish","type":"product","link":"https:\/\/paulinka-trading-group.pl\/?product=olej-konopny","title":{"rendered":"Olej konopny"},"content":{"rendered":"","protected":false},"excerpt":{"rendered":"<p class=\"maps-to-line\">Olej konopny jest starannie t\u0142oczony na zimno.<\/p>\n<p class=\"maps-to-line\"><strong>Dost\u0119pne pojemno\u015bci:<\/strong>\u00a0Oferta detaliczna obejmuje butelki o wielko\u015bci 100 ml, 250 ml, 1 l oraz 5 l.<\/p>\n<p class=\"maps-to-line\"><strong>Zaopatrzenie hurtowe:<\/strong>\u00a0Sprzeda\u017c masowa realizowana jest w 200-litrowych beczkach lub 1000-litrowych paletopojemnikach IBC.<\/p>\n<p class=\"maps-to-line\"><strong>Termin przydatno\u015bci i logistyka:<\/strong>\u00a0Termin wa\u017cno\u015bci tego oleju to 6 miesi\u0119cy, a zam\u00f3wienia mo\u017cna sk\u0142ada\u0107 ju\u017c od 1 palety EURO.<\/p>\n<p class=\"maps-to-line\"><strong>Przeznaczenie:<\/strong>\u00a0Produkt \u015bwietnie sprawdzi si\u0119 w sprzeda\u017cy detalicznej, w gastronomii (HoReCa) i przemy\u015ble.<\/p>\n<p>&nbsp;<\/p>\n<p>Dost\u0119pne jako Private Label: Zapewniamy mo\u017cliwo\u015b\u0107 wyprodukowania tego produktu z Twoj\u0105 indywidualn\u0105 etykiet\u0105.<\/p>\n","protected":false},"featured_media":187,"comment_status":"open","ping_status":"closed","template":"","meta":{"content-type":""},"product_brand":[],"product_cat":[36],"product_tag":[],"class_list":{"0":"post-202","1":"product","2":"type-product","3":"status-publish","4":"has-post-thumbnail","6":"product_cat-oleje-i-oliwy-premium","8":"first","9":"instock","10":"shipping-taxable","11":"product-type-simple"},"_links":{"self":[{"href":"https:\/\/paulinka-trading-group.pl\/index.php?rest_route=\/wp\/v2\/product\/202","targetHints":{"allow":["GET"]}}],"collection":[{"href":"https:\/\/paulinka-trading-group.pl\/index.php?rest_route=\/wp\/v2\/product"}],"about":[{"href":"https:\/\/paulinka-trading-group.pl\/index.php?rest_route=\/wp\/v2\/types\/product"}],"replies":[{"embeddable":true,"href":"https:\/\/paulinka-trading-group.pl\/index.php?rest_route=%2Fwp%2Fv2%2Fcomments&post=202"}],"wp:featuredmedia":[{"embeddable":true,"href":"https:\/\/paulinka-trading-group.pl\/index.php?rest_route=\/wp\/v2\/media\/187"}],"wp:attachment":[{"href":"https:\/\/paulinka-trading-group.pl\/index.php?rest_route=%2Fwp%2Fv2%2Fmedia&parent=202"}],"wp:term":[{"taxonomy":"product_brand","embeddable":true,"href":"https:\/\/paulinka-trading-group.pl\/index.php?rest_route=%2Fwp%2Fv2%2Fproduct_brand&post=202"},{"taxonomy":"product_cat","embeddable":true,"href":"https:\/\/paulinka-trading-group.pl\/index.php?rest_route=%2Fwp%2Fv2%2Fproduct_cat&post=202"},{"taxonomy":"product_tag","embeddable":true,"href":"https:\/\/paulinka-trading-group.pl\/index.php?rest_route=%2Fwp%2Fv2%2Fproduct_tag&post=202"}],"curies":[{"name":"wp","href":"https:\/\/api.w.org\/{rel}","templated":true}]}}