{"id":181,"date":"2026-02-28T21:12:59","date_gmt":"2026-02-28T20:12:59","guid":{"rendered":"https:\/\/paulinka-trading-group.pl\/?post_type=product&#038;p=181"},"modified":"2026-02-28T21:12:59","modified_gmt":"2026-02-28T20:12:59","slug":"olej-lniany","status":"publish","type":"product","link":"https:\/\/paulinka-trading-group.pl\/?product=olej-lniany","title":{"rendered":"Olej lniany"},"content":{"rendered":"","protected":false},"excerpt":{"rendered":"<p class=\"maps-to-line\">Wysokiej jako\u015bci produkt t\u0142oczony na zimno.<\/p>\n<p class=\"maps-to-line\"><strong>Dost\u0119pne pojemno\u015bci:<\/strong>\u00a0Olej mo\u017cna naby\u0107 w por\u0119cznych opakowaniach detalicznych o pojemno\u015bciach 100 ml, 250 ml, 1 l oraz 5 l.<\/p>\n<p class=\"maps-to-line\"><strong>Zaopatrzenie hurtowe:<\/strong>\u00a0Dla wi\u0119kszych odbiorc\u00f3w przygotowano dostawy w beczkach 200 l oraz zbiornikach IBC 1000 l.<\/p>\n<p class=\"maps-to-line\"><strong>Termin przydatno\u015bci i logistyka:<\/strong>\u00a0Produkt zachowuje swoje w\u0142a\u015bciwo\u015bci przez 6 miesi\u0119cy , a minimalne zam\u00f3wienie wynosi 1 palet\u0119 EURO.<\/p>\n<p class=\"maps-to-line\"><strong>Przeznaczenie:<\/strong>\u00a0Olej jest dedykowany dla handlu detalicznego, sektora HoReCa oraz odbiorc\u00f3w przemys\u0142owych.<\/p>\n<p>Dost\u0119pne jako Private Label: Zapewniamy mo\u017cliwo\u015b\u0107 wyprodukowania tego produktu z Twoj\u0105 indywidualn\u0105 etykiet\u0105.<\/p>\n","protected":false},"featured_media":188,"comment_status":"open","ping_status":"closed","template":"","meta":{"content-type":""},"product_brand":[],"product_cat":[36],"product_tag":[],"class_list":{"0":"post-181","1":"product","2":"type-product","3":"status-publish","4":"has-post-thumbnail","6":"product_cat-oleje-i-oliwy-premium","8":"first","9":"instock","10":"shipping-taxable","11":"product-type-simple"},"_links":{"self":[{"href":"https:\/\/paulinka-trading-group.pl\/index.php?rest_route=\/wp\/v2\/product\/181","targetHints":{"allow":["GET"]}}],"collection":[{"href":"https:\/\/paulinka-trading-group.pl\/index.php?rest_route=\/wp\/v2\/product"}],"about":[{"href":"https:\/\/paulinka-trading-group.pl\/index.php?rest_route=\/wp\/v2\/types\/product"}],"replies":[{"embeddable":true,"href":"https:\/\/paulinka-trading-group.pl\/index.php?rest_route=%2Fwp%2Fv2%2Fcomments&post=181"}],"wp:featuredmedia":[{"embeddable":true,"href":"https:\/\/paulinka-trading-group.pl\/index.php?rest_route=\/wp\/v2\/media\/188"}],"wp:attachment":[{"href":"https:\/\/paulinka-trading-group.pl\/index.php?rest_route=%2Fwp%2Fv2%2Fmedia&parent=181"}],"wp:term":[{"taxonomy":"product_brand","embeddable":true,"href":"https:\/\/paulinka-trading-group.pl\/index.php?rest_route=%2Fwp%2Fv2%2Fproduct_brand&post=181"},{"taxonomy":"product_cat","embeddable":true,"href":"https:\/\/paulinka-trading-group.pl\/index.php?rest_route=%2Fwp%2Fv2%2Fproduct_cat&post=181"},{"taxonomy":"product_tag","embeddable":true,"href":"https:\/\/paulinka-trading-group.pl\/index.php?rest_route=%2Fwp%2Fv2%2Fproduct_tag&post=181"}],"curies":[{"name":"wp","href":"https:\/\/api.w.org\/{rel}","templated":true}]}}