{"id":521,"date":"2026-03-08T22:09:24","date_gmt":"2026-03-08T21:09:24","guid":{"rendered":"https:\/\/paulinka-trading-group.pl\/?page_id=521"},"modified":"2026-03-09T22:08:56","modified_gmt":"2026-03-09T21:08:56","slug":"o-firmie-deutsch","status":"publish","type":"page","link":"https:\/\/paulinka-trading-group.pl\/?page_id=521&lang=de","title":{"rendered":"O firmie &#8211; Deutsch"},"content":{"rendered":"\n<div class=\"wp-block-cover alignfull is-light has-parallax\"><div class=\"wp-block-cover__image-background wp-image-288 size-large has-parallax\" style=\"background-position:50% 50%;background-image:url(https:\/\/paulinka-trading-group.pl\/wp-content\/uploads\/2026\/03\/file_000000002d607246bab6eba19d6b06a9-1024x683.png)\"><\/div><span aria-hidden=\"true\" class=\"wp-block-cover__background has-background-dim-60 has-background-dim\" style=\"background-color:#80abd1\"><\/span><div class=\"wp-block-cover__inner-container is-layout-constrained wp-block-cover-is-layout-constrained\">\n<h2 class=\"wp-block-heading alignfull has-text-align-center has-black-color has-text-color has-background has-link-color has-large-font-size wp-elements-1e234a274c3778cd21c8085dd3fe627a\" style=\"border-top-left-radius:40px;border-top-right-radius:40px;border-bottom-left-radius:40px;border-bottom-right-radius:40px;background-color:#e1e8eda6;margin-top:0;margin-right:0;margin-bottom:0;margin-left:0\">Die Paulinka Trading Group ist ein europ\u00e4ischer Handelspartner, der sich auf den Gro\u00dfhandel mit Lebensmitteln und ausgew\u00e4hlten Handelsartikeln spezialisiert hat.<\/h2>\n<\/div><\/div>\n\n\n\n<h3 class=\"wp-block-heading\">Das Unternehmen konzentriert sich auf stabile Lieferungen und eine langfristige B2B-Zusammenarbeit innerhalb der EU.<br>Starten Sie noch heute die Zusammenarbeit<\/h3>\n\n\n\n<p>Haben Sie ein Produkt und m\u00f6chten den Verkauf auf dem europ\u00e4ischen Markt steigern?<\/p>\n\n\n\n<p>Kontaktieren Sie uns \u2014 wir analysieren die M\u00f6glichkeiten und schlagen die beste Vorgehensweise vor.<\/p>\n\n\n\n<div class=\"wp-block-columns is-layout-flex wp-container-core-columns-is-layout-28f84493 wp-block-columns-is-layout-flex\">\n<div class=\"wp-block-column is-layout-flow wp-block-column-is-layout-flow\">\n<p>Paulinka GmbH <br>Fischerei 1, 84130 Dingolfing<br>Tel: +49 160 6276609<br>Mail: <a href=\"mailto:export@paulinka-trading-group.pl\">export@paulinka-trading-group.pl<\/a><\/p>\n<\/div>\n\n\n\n<div class=\"wp-block-column is-vertically-aligned-center animated jello is-layout-flow wp-block-column-is-layout-flow\">\n<div class=\"wp-block-buttons is-content-justification-center is-layout-flex wp-container-core-buttons-is-layout-a89b3969 wp-block-buttons-is-layout-flex\">\n<div class=\"wp-block-button\"><a class=\"wp-block-button__link wp-element-button\" href=\"https:\/\/paulinka-trading-group.pl\/?page_id=519&amp;lang=de\" style=\"border-top-left-radius:20px;border-top-right-radius:20px;border-bottom-left-radius:20px;border-bottom-right-radius:20px\">Senden Sie eine Anfrage und lassen Sie uns \u00fcber eine Zusammenarbeit sprechen<\/a><\/div>\n<\/div>\n<\/div>\n<\/div>\n\n\n\n<div class=\"wp-block-group alignfull has-palette-color-5-background-color has-background is-layout-constrained wp-block-group-is-layout-constrained\">\n<h2 class=\"wp-block-heading has-text-align-center\">Genauer Standort unseres Gesch\u00e4fts:<br><\/h2>\n\n\n\n<div class=\"wp-block-columns is-layout-flex wp-container-core-columns-is-layout-28f84493 wp-block-columns-is-layout-flex\">\n<div class=\"wp-block-column is-layout-flow wp-block-column-is-layout-flow\" style=\"flex-basis:25%\"><\/div>\n\n\n\n<div class=\"wp-block-column is-layout-flow wp-block-column-is-layout-flow\" style=\"flex-basis:50%\">\n<iframe loading=\"lazy\" width=\"1125\" height=\"350\" src=\"https:\/\/www.openstreetmap.org\/export\/embed.html?bbox=12.49324679374695%2C48.62935081059767%2C12.496317923069002%2C48.63095334731146&amp;layer=mapnik&amp;marker=48.63015208531641%2C12.494782358407974\" style=\"border: 1px solid black\"><\/iframe><br\/><small><a href=\"https:\/\/www.openstreetmap.org\/?mlat=48.630152&amp;mlon=12.494782#map=19\/48.630152\/12.494782\">Wy\u015bwietl wi\u0119ksz\u0105 map\u0119<\/a><\/small>\n<\/div>\n\n\n\n<div class=\"wp-block-column is-layout-flow wp-block-column-is-layout-flow\" style=\"flex-basis:25%\"><\/div>\n<\/div>\n<\/div>\n\n\n\n<p><\/p>\n","protected":false},"excerpt":{"rendered":"<p>Das Unternehmen konzentriert sich auf stabile Lieferungen und eine langfristige B2B-Zusammenarbeit innerhalb der EU.Starten Sie noch heute die Zusammenarbeit Haben Sie ein Produkt und m\u00f6chten den Verkauf auf dem europ\u00e4ischen Markt steigern? Kontaktieren Sie uns \u2014 wir analysieren die M\u00f6glichkeiten und schlagen die beste Vorgehensweise vor. Paulinka GmbH Fischerei 1, 84130 DingolfingTel: +49 160 6276609Mail: [&hellip;]<\/p>\n","protected":false},"author":1,"featured_media":0,"parent":0,"menu_order":0,"comment_status":"closed","ping_status":"closed","template":"","meta":{"content-type":"","footnotes":""},"class_list":["post-521","page","type-page","status-publish","hentry"],"blocksy_meta":[],"_links":{"self":[{"href":"https:\/\/paulinka-trading-group.pl\/index.php?rest_route=\/wp\/v2\/pages\/521","targetHints":{"allow":["GET"]}}],"collection":[{"href":"https:\/\/paulinka-trading-group.pl\/index.php?rest_route=\/wp\/v2\/pages"}],"about":[{"href":"https:\/\/paulinka-trading-group.pl\/index.php?rest_route=\/wp\/v2\/types\/page"}],"author":[{"embeddable":true,"href":"https:\/\/paulinka-trading-group.pl\/index.php?rest_route=\/wp\/v2\/users\/1"}],"replies":[{"embeddable":true,"href":"https:\/\/paulinka-trading-group.pl\/index.php?rest_route=%2Fwp%2Fv2%2Fcomments&post=521"}],"version-history":[{"count":3,"href":"https:\/\/paulinka-trading-group.pl\/index.php?rest_route=\/wp\/v2\/pages\/521\/revisions"}],"predecessor-version":[{"id":675,"href":"https:\/\/paulinka-trading-group.pl\/index.php?rest_route=\/wp\/v2\/pages\/521\/revisions\/675"}],"wp:attachment":[{"href":"https:\/\/paulinka-trading-group.pl\/index.php?rest_route=%2Fwp%2Fv2%2Fmedia&parent=521"}],"curies":[{"name":"wp","href":"https:\/\/api.w.org\/{rel}","templated":true}]}}