{"id":519,"date":"2026-03-08T22:09:01","date_gmt":"2026-03-08T21:09:01","guid":{"rendered":"https:\/\/paulinka-trading-group.pl\/?page_id=519"},"modified":"2026-03-09T22:05:28","modified_gmt":"2026-03-09T21:05:28","slug":"kontakt-deutsch","status":"publish","type":"page","link":"https:\/\/paulinka-trading-group.pl\/?page_id=519&lang=de","title":{"rendered":"Kontakt &#8211; Deutsch"},"content":{"rendered":"\n<div class=\"wp-block-cover alignfull wp-duotone-unset-1\"><img loading=\"lazy\" decoding=\"async\" width=\"1024\" height=\"683\" class=\"wp-block-cover__image-background wp-image-300 size-large\" alt=\"\" src=\"https:\/\/paulinka-trading-group.pl\/wp-content\/uploads\/2026\/03\/file_000000003cc472468e554a82deea1177-1024x683.png\" data-object-fit=\"cover\" srcset=\"https:\/\/paulinka-trading-group.pl\/wp-content\/uploads\/2026\/03\/file_000000003cc472468e554a82deea1177-1024x683.png 1024w, https:\/\/paulinka-trading-group.pl\/wp-content\/uploads\/2026\/03\/file_000000003cc472468e554a82deea1177-600x400.png 600w, https:\/\/paulinka-trading-group.pl\/wp-content\/uploads\/2026\/03\/file_000000003cc472468e554a82deea1177-400x267.png 400w, https:\/\/paulinka-trading-group.pl\/wp-content\/uploads\/2026\/03\/file_000000003cc472468e554a82deea1177-300x200.png 300w, https:\/\/paulinka-trading-group.pl\/wp-content\/uploads\/2026\/03\/file_000000003cc472468e554a82deea1177-768x512.png 768w, https:\/\/paulinka-trading-group.pl\/wp-content\/uploads\/2026\/03\/file_000000003cc472468e554a82deea1177.png 1536w\" sizes=\"auto, (max-width: 1024px) 100vw, 1024px\" \/><span aria-hidden=\"true\" class=\"wp-block-cover__background has-palette-color-4-background-color has-background-dim-80 has-background-dim\"><\/span><div class=\"wp-block-cover__inner-container is-layout-constrained wp-block-cover-is-layout-constrained\">\n<h2 class=\"wp-block-heading has-text-align-center has-palette-color-8-color has-text-color has-link-color has-large-font-size wp-elements-2191c43d165654046a1dfd47dbb08c14\">Kontakt<\/h2>\n\n\n\n<div class=\"wp-block-columns is-layout-flex wp-container-core-columns-is-layout-28f84493 wp-block-columns-is-layout-flex\">\n<div class=\"wp-block-column is-layout-flow wp-block-column-is-layout-flow\" style=\"flex-basis:25%\"><\/div>\n\n\n\n<div class=\"wp-block-column is-layout-flow wp-block-column-is-layout-flow\" style=\"flex-basis:50%\"><style id=\"wpforms-css-vars-227\">\n\t\t\t\t#wpforms-227 {\n\t\t\t\t--wpforms-field-border-radius: 20px;\n--wpforms-field-background-color: var(--theme-palette-color-7, #FAFBFC);\n--wpforms-field-border-color: var(--theme-palette-color-2, #b57a04);\n--wpforms-field-border-color-spare: var(--theme-palette-color-2, #b57a04);\n--wpforms-field-text-color: var(--theme-palette-color-3, #3A4F66);\n--wpforms-label-color: var(--theme-palette-color-8, #ffffff);\n--wpforms-label-sublabel-color: var(--theme-palette-color-5, #e1e8ed);\n--wpforms-label-error-color: #ff0000;\n--wpforms-button-border-style: solid;\n--wpforms-button-border-radius: 30px;\n--wpforms-button-background-color: var(--theme-palette-color-1, #e7a31c);\n--wpforms-button-border-color: #cccccc;\n--wpforms-button-text-color: var(--theme-palette-color-7, #FAFBFC);\n--wpforms-container-padding: 0px;\n--wpforms-container-border-width: 1px;\n--wpforms-container-border-radius: 3px;\n--wpforms-background-color: rgba(0, 0, 0, 0);\n--wpforms-field-menu-color: var(--theme-palette-color-8, #ffffff);\n--wpforms-page-break-color: #dddddd;\n--wpforms-field-size-input-height: 43px;\n--wpforms-field-size-input-spacing: 15px;\n--wpforms-field-size-font-size: 16px;\n--wpforms-field-size-line-height: 19px;\n--wpforms-field-size-padding-h: 14px;\n--wpforms-field-size-checkbox-size: 16px;\n--wpforms-field-size-sublabel-spacing: 5px;\n--wpforms-field-size-icon-size: 1;\n--wpforms-label-size-font-size: 14px;\n--wpforms-label-size-line-height: 17px;\n--wpforms-label-size-sublabel-font-size: 13px;\n--wpforms-label-size-sublabel-line-height: 16px;\n--wpforms-button-size-font-size: 20px;\n--wpforms-button-size-height: 48px;\n--wpforms-button-size-padding-h: 20px;\n--wpforms-button-size-margin-top: 15px;\n--wpforms-container-shadow-size-box-shadow: none;\n\t\t\t}\n\t\t\t<\/style><div class=\"wpforms-container wpforms-container-full wpforms-render-modern\" id=\"wpforms-227\"><form id=\"wpforms-form-227\" class=\"wpforms-validate wpforms-form wpforms-ajax-form\" data-formid=\"227\" method=\"post\" enctype=\"multipart\/form-data\" action=\"\/index.php?rest_route=%2Fwp%2Fv2%2Fpages%2F519\" data-token=\"965e8654637e06ec546d730d53dd2c09\" data-token-time=\"1776692725\"><noscript class=\"wpforms-error-noscript\">Aby wype\u0142ni\u0107 ten formularz, w\u0142\u0105cz obs\u0142ug\u0119 JavaScript w przegl\u0105darce.<\/noscript><div id=\"wpforms-error-noscript\" style=\"display: none;\">Aby wype\u0142ni\u0107 ten formularz, w\u0142\u0105cz obs\u0142ug\u0119 JavaScript w przegl\u0105darce.<\/div><div class=\"wpforms-field-container\">\t\t<div id=\"wpforms-227-field_4-container\"\n\t\t\tclass=\"wpforms-field wpforms-field-text\"\n\t\t\tdata-field-type=\"text\"\n\t\t\tdata-field-id=\"4\"\n\t\t\t>\n\t\t\t<label class=\"wpforms-field-label\" for=\"wpforms-227-field_4\" >i Wiadomo\u015b\u0107 e-mail<\/label>\n\t\t\t<input type=\"text\" id=\"wpforms-227-field_4\" class=\"wpforms-field-medium\" name=\"wpforms[fields][4]\" >\n\t\t<\/div>\n\t\t<div id=\"wpforms-227-field_1-container\" class=\"wpforms-field wpforms-field-name\" data-field-id=\"1\"><fieldset><legend class=\"wpforms-field-label\">Imi\u0119 i nazwisko <span class=\"wpforms-required-label\" aria-hidden=\"true\">*<\/span><\/legend><div class=\"wpforms-field-row wpforms-field-medium\"><div class=\"wpforms-field-row-block wpforms-first wpforms-one-half\"><input type=\"text\" id=\"wpforms-227-field_1\" class=\"wpforms-field-name-first wpforms-field-required\" name=\"wpforms[fields][1][first]\" aria-errormessage=\"wpforms-227-field_1-error\" required><label for=\"wpforms-227-field_1\" class=\"wpforms-field-sublabel after\">Pierwszy<\/label><\/div><div class=\"wpforms-field-row-block wpforms-one-half\"><input type=\"text\" id=\"wpforms-227-field_1-last\" class=\"wpforms-field-name-last wpforms-field-required\" name=\"wpforms[fields][1][last]\" aria-errormessage=\"wpforms-227-field_1-last-error\" required><label for=\"wpforms-227-field_1-last\" class=\"wpforms-field-sublabel after\">Ostatni<\/label><\/div><\/div><\/fieldset><\/div><div id=\"wpforms-227-field_2-container\" class=\"wpforms-field wpforms-field-email\" data-field-id=\"2\"><label class=\"wpforms-field-label\" for=\"wpforms-227-field_2\">Adres e-mail <span class=\"wpforms-required-label\" aria-hidden=\"true\">*<\/span><\/label><input type=\"email\" id=\"wpforms-227-field_2\" class=\"wpforms-field-medium wpforms-field-required\" name=\"wpforms[fields][2]\" spellcheck=\"false\" aria-errormessage=\"wpforms-227-field_2-error\" required><\/div><div id=\"wpforms-227-field_3-container\" class=\"wpforms-field wpforms-field-textarea\" data-field-id=\"3\"><label class=\"wpforms-field-label\" for=\"wpforms-227-field_3\">Wiadomo\u015b\u0107 <span class=\"wpforms-required-label\" aria-hidden=\"true\">*<\/span><\/label><textarea id=\"wpforms-227-field_3\" class=\"wpforms-field-medium wpforms-field-required\" name=\"wpforms[fields][3]\" aria-errormessage=\"wpforms-227-field_3-error\" required><\/textarea><\/div><script>\n\t\t\t\t( function() {\n\t\t\t\t\tconst style = document.createElement( 'style' );\n\t\t\t\t\tstyle.appendChild( document.createTextNode( '#wpforms-227-field_4-container { position: absolute !important; overflow: hidden !important; display: inline !important; height: 1px !important; width: 1px !important; z-index: -1000 !important; padding: 0 !important; } #wpforms-227-field_4-container input { visibility: hidden; } #wpforms-conversational-form-page #wpforms-227-field_4-container label { counter-increment: none; }' ) );\n\t\t\t\t\tdocument.head.appendChild( style );\n\t\t\t\t\tdocument.currentScript?.remove();\n\t\t\t\t} )();\n\t\t\t<\/script><\/div><!-- .wpforms-field-container --><div class=\"wpforms-submit-container\" ><input type=\"hidden\" name=\"wpforms[id]\" value=\"227\"><input type=\"hidden\" name=\"page_title\" value=\"\"><input type=\"hidden\" name=\"page_url\" value=\"https:\/\/paulinka-trading-group.pl\/index.php?rest_route=\/wp\/v2\/pages\/519\"><input type=\"hidden\" name=\"url_referer\" value=\"\"><button type=\"submit\" name=\"wpforms[submit]\" id=\"wpforms-submit-227\" class=\"wpforms-submit\" data-alt-text=\"Wysy\u0142anie...\" data-submit-text=\"Prze\u015blij\" aria-live=\"assertive\" value=\"wpforms-submit\">Prze\u015blij<\/button><img loading=\"lazy\" decoding=\"async\" src=\"https:\/\/paulinka-trading-group.pl\/wp-content\/plugins\/wpforms-lite\/assets\/images\/submit-spin.svg\" class=\"wpforms-submit-spinner\" style=\"display: none;\" width=\"26\" height=\"26\" alt=\"Wczytywanie\"><\/div><\/form><\/div>  <!-- .wpforms-container -->\n<\/div>\n\n\n\n<div class=\"wp-block-column is-layout-flow wp-block-column-is-layout-flow\" style=\"flex-basis:25%\"><\/div>\n<\/div>\n<\/div><\/div>\n\n\n\n<p class=\"has-text-align-center has-palette-color-5-background-color has-background has-medium-font-size\" style=\"border-top-left-radius:40px;border-top-right-radius:40px;border-bottom-left-radius:40px;border-bottom-right-radius:40px\">Paulinka GmbH <br>Fischerei 1, 84130 Dingolfing<br>Tel: +49 160 6276609<br>Mail: <a href=\"mailto:export@paulinka-trading-group.pl\">export@paulinka-trading-group.pl<\/a><\/p>\n","protected":false},"excerpt":{"rendered":"<p>Paulinka GmbH Fischerei 1, 84130 DingolfingTel: +49 160 6276609Mail: export@paulinka-trading-group.pl<\/p>\n","protected":false},"author":1,"featured_media":0,"parent":0,"menu_order":0,"comment_status":"closed","ping_status":"closed","template":"","meta":{"content-type":"","footnotes":""},"class_list":["post-519","page","type-page","status-publish","hentry"],"blocksy_meta":[],"_links":{"self":[{"href":"https:\/\/paulinka-trading-group.pl\/index.php?rest_route=\/wp\/v2\/pages\/519","targetHints":{"allow":["GET"]}}],"collection":[{"href":"https:\/\/paulinka-trading-group.pl\/index.php?rest_route=\/wp\/v2\/pages"}],"about":[{"href":"https:\/\/paulinka-trading-group.pl\/index.php?rest_route=\/wp\/v2\/types\/page"}],"author":[{"embeddable":true,"href":"https:\/\/paulinka-trading-group.pl\/index.php?rest_route=\/wp\/v2\/users\/1"}],"replies":[{"embeddable":true,"href":"https:\/\/paulinka-trading-group.pl\/index.php?rest_route=%2Fwp%2Fv2%2Fcomments&post=519"}],"version-history":[{"count":4,"href":"https:\/\/paulinka-trading-group.pl\/index.php?rest_route=\/wp\/v2\/pages\/519\/revisions"}],"predecessor-version":[{"id":670,"href":"https:\/\/paulinka-trading-group.pl\/index.php?rest_route=\/wp\/v2\/pages\/519\/revisions\/670"}],"wp:attachment":[{"href":"https:\/\/paulinka-trading-group.pl\/index.php?rest_route=%2Fwp%2Fv2%2Fmedia&parent=519"}],"curies":[{"name":"wp","href":"https:\/\/api.w.org\/{rel}","templated":true}]}}