{"id":51,"date":"2026-02-26T22:30:53","date_gmt":"2026-02-26T21:30:53","guid":{"rendered":"https:\/\/paulinka-trading-group.pl\/?page_id=51"},"modified":"2026-03-08T22:33:41","modified_gmt":"2026-03-08T21:33:41","slug":"strona-glowna-deutsch","status":"publish","type":"page","link":"https:\/\/paulinka-trading-group.pl\/?lang=de","title":{"rendered":"Strona g\u0142\u00f3wna &#8211; Deutsch"},"content":{"rendered":"\n<div class=\"wp-block-cover alignfull has-parallax has-custom-content-position is-position-top-center wp-duotone-unset-1\" style=\"margin-top:0px;margin-bottom:0px;padding-top:48px;padding-right:48px;padding-bottom:48px;padding-left:48px\"><div class=\"wp-block-cover__image-background wp-image-273 size-large has-parallax\" style=\"background-position:50% 50%;background-image:url(https:\/\/paulinka-trading-group.pl\/wp-content\/uploads\/2026\/03\/file_00000000e4e0722f9118b433d434d55b-1024x683.png)\"><\/div><span aria-hidden=\"true\" class=\"wp-block-cover__background has-palette-color-3-background-color has-background-dim-30 has-background-dim\"><\/span><div class=\"wp-block-cover__inner-container is-layout-flow wp-block-cover-is-layout-flow\">\n<div class=\"wp-block-group is-nowrap is-layout-flex wp-container-core-group-is-layout-89a94f6a wp-block-group-is-layout-flex\">\n<h1 class=\"wp-block-heading has-text-align-left animated fadeInBottomRight has-palette-color-8-color has-text-color has-background has-link-color wp-elements-3947e10c59b7f09a446c7a27cb9da8d0\" style=\"border-top-left-radius:40px;border-top-right-radius:40px;border-bottom-left-radius:40px;border-bottom-right-radius:40px;background-color:#3a4f6687;margin-top:0;margin-right:0;margin-bottom:0;margin-left:0;padding-top:var(--wp--preset--spacing--30);padding-right:var(--wp--preset--spacing--50);padding-bottom:var(--wp--preset--spacing--30);padding-left:var(--wp--preset--spacing--50);font-style:normal;font-weight:700;letter-spacing:1px;line-height:1.4\">Wir verbinden Lebensmittelproduzenten mit europ\u00e4ischen M\u00e4rkten<\/h1>\n<\/div>\n\n\n\n<div class=\"wp-block-columns is-layout-flex wp-container-core-columns-is-layout-28f84493 wp-block-columns-is-layout-flex\">\n<div class=\"wp-block-column is-layout-flow wp-block-column-is-layout-flow\" style=\"flex-basis:60%\">\n<h2 class=\"wp-block-heading has-text-align-left animated fadeInRight delay-200ms has-palette-color-8-color has-text-color has-background has-link-color wp-elements-934267ba72ff0d2726f1d52b93cf54fb\" style=\"border-top-left-radius:40px;border-top-right-radius:40px;border-bottom-left-radius:40px;border-bottom-right-radius:40px;background-color:#3a4f6682;margin-top:0;margin-bottom:0;padding-top:var(--wp--preset--spacing--50);padding-right:var(--wp--preset--spacing--50);padding-bottom:var(--wp--preset--spacing--50);padding-left:var(--wp--preset--spacing--50)\">Internationaler Handel, Sourcing von Produzenten und Private-Label-Produktion f\u00fcr B2B-Partner.<\/h2>\n<\/div>\n\n\n\n<div class=\"wp-block-column is-layout-flow wp-block-column-is-layout-flow\" style=\"flex-basis:33.33%\"><\/div>\n<\/div>\n\n\n\n<div style=\"height:40px\" aria-hidden=\"true\" class=\"wp-block-spacer\"><\/div>\n\n\n\n<div class=\"wp-block-columns is-layout-flex wp-container-core-columns-is-layout-28f84493 wp-block-columns-is-layout-flex\">\n<div class=\"wp-block-column is-layout-flow wp-block-column-is-layout-flow\" style=\"flex-basis:50%\">\n<p class=\"has-black-color has-text-color has-background has-link-color wp-elements-9583ebf76774b7141d5d4fd91d59b79d\" style=\"border-top-left-radius:40px;border-top-right-radius:40px;border-bottom-left-radius:40px;border-bottom-right-radius:40px;background-color:#f2f5f7c7\"><strong>Suchen Sie einen Partner, der Ihnen hilft, Lebensmittel auf neuen M\u00e4rkten in Europa einzuf\u00fchren?<\/strong><\/p>\n<\/div>\n\n\n\n<div class=\"wp-block-column is-layout-flow wp-block-column-is-layout-flow\" style=\"flex-basis:33.33%\"><\/div>\n<\/div>\n\n\n\n<div style=\"height:31px\" aria-hidden=\"true\" class=\"wp-block-spacer\"><\/div>\n\n\n\n<div class=\"wp-block-buttons is-content-justification-left is-layout-flex wp-container-core-buttons-is-layout-6a42c07d wp-block-buttons-is-layout-flex\">\n<div class=\"wp-block-button is-style-fill\"><a class=\"wp-block-button__link has-text-align-center has-custom-font-size wp-element-button\" href=\"https:\/\/paulinka-trading-group.pl\/?page_id=519&amp;lang=de\" style=\"border-top-left-radius:20px;border-top-right-radius:20px;border-bottom-left-radius:20px;border-bottom-right-radius:20px;padding-top:var(--wp--preset--spacing--40);padding-right:var(--wp--preset--spacing--50);padding-bottom:var(--wp--preset--spacing--40);padding-left:var(--wp--preset--spacing--50);font-size:clamp(14px, 0.875rem + ((1vw - 3.2px) * 0.234), 17px);\">Kontaktieren Sie uns und pr\u00fcfen Sie Kooperationsm\u00f6glichkeiten<\/a><\/div>\n<\/div>\n\n\n\n<div class=\"wp-block-buttons is-content-justification-left is-nowrap is-layout-flex wp-container-core-buttons-is-layout-92e17da2 wp-block-buttons-is-layout-flex\"><\/div>\n<\/div><\/div>\n\n\n\n<h2 class=\"wp-block-heading alignfull has-text-align-center has-background\" style=\"background-color:#b57a0445;margin-top:0;margin-bottom:0;letter-spacing:1px\">Kategorien des Produktkatalogs<\/h2>\n\n\n\n<div class=\"wp-block-group alignfull has-background is-content-justification-center is-layout-flex wp-container-core-group-is-layout-ebffebb8 wp-block-group-is-layout-flex\" style=\"background-color:#b57a0445;margin-top:0;margin-bottom:0;padding-top:var(--wp--preset--spacing--40);padding-right:var(--wp--preset--spacing--80);padding-bottom:var(--wp--preset--spacing--40);padding-left:var(--wp--preset--spacing--80)\">\n<div class=\"wp-block-buttons is-content-justification-center is-layout-flex wp-container-core-buttons-is-layout-fdbd80fe wp-block-buttons-is-layout-flex\" style=\"padding-top:var(--wp--preset--spacing--20);padding-bottom:var(--wp--preset--spacing--20)\">\n<div class=\"wp-block-button\"><a class=\"wp-block-button__link has-custom-font-size wp-element-button\" href=\"https:\/\/paulinka-trading-group.pl\/?product=galega-olivenoel&amp;lang=de\" style=\"border-style:none;border-width:0px;border-top-left-radius:20px;border-top-right-radius:20px;border-bottom-left-radius:20px;border-bottom-right-radius:20px;padding-top:var(--wp--preset--spacing--40);padding-right:var(--wp--preset--spacing--60);padding-bottom:var(--wp--preset--spacing--40);padding-left:var(--wp--preset--spacing--60);font-size:clamp(14px, 0.875rem + ((1vw - 3.2px) * 0.234), 17px);\">Vorzeigeprodukt<\/a><\/div>\n\n\n\n<div class=\"wp-block-button\"><a class=\"wp-block-button__link has-palette-color-4-color has-palette-color-6-background-color has-text-color has-background has-link-color wp-element-button\" href=\"https:\/\/paulinka-trading-group.pl\/?product_cat=oleje-i-oliwy-premium&amp;lang=de\" style=\"border-top-left-radius:20px;border-top-right-radius:20px;border-bottom-left-radius:20px;border-bottom-right-radius:20px;padding-top:var(--wp--preset--spacing--40);padding-right:var(--wp--preset--spacing--60);padding-bottom:var(--wp--preset--spacing--40);padding-left:var(--wp--preset--spacing--60)\">Premium-\u00d6le und Oliven\u00f6le<\/a><\/div>\n\n\n\n<div class=\"wp-block-button\"><a class=\"wp-block-button__link has-palette-color-4-color has-palette-color-6-background-color has-text-color has-background has-link-color wp-element-button\" href=\"https:\/\/paulinka-trading-group.pl\/?product_cat=produkty-miesne-i-konserwowe&amp;lang=de\" style=\"border-top-left-radius:20px;border-top-right-radius:20px;border-bottom-left-radius:20px;border-bottom-right-radius:20px;padding-top:var(--wp--preset--spacing--40);padding-right:var(--wp--preset--spacing--60);padding-bottom:var(--wp--preset--spacing--40);padding-left:var(--wp--preset--spacing--60)\">Fleisch und Konservenprodukte<\/a><\/div>\n\n\n\n<div class=\"wp-block-button\"><a class=\"wp-block-button__link has-palette-color-4-color has-palette-color-6-background-color has-text-color has-background has-link-color wp-element-button\" href=\"https:\/\/paulinka-trading-group.pl\/?product_cat=nabial&amp;lang=de\" style=\"border-top-left-radius:20px;border-top-right-radius:20px;border-bottom-left-radius:20px;border-bottom-right-radius:20px;padding-top:var(--wp--preset--spacing--40);padding-right:var(--wp--preset--spacing--60);padding-bottom:var(--wp--preset--spacing--40);padding-left:var(--wp--preset--spacing--60)\">Milchprodukte<\/a><\/div>\n\n\n\n<div class=\"wp-block-button\"><a class=\"wp-block-button__link has-palette-color-4-color has-palette-color-6-background-color has-text-color has-background has-link-color wp-element-button\" href=\"https:\/\/paulinka-trading-group.pl\/?product_cat=przetwory-i-produkty-suche&amp;lang=de\" style=\"border-top-left-radius:20px;border-top-right-radius:20px;border-bottom-left-radius:20px;border-bottom-right-radius:20px;padding-top:var(--wp--preset--spacing--40);padding-right:var(--wp--preset--spacing--60);padding-bottom:var(--wp--preset--spacing--40);padding-left:var(--wp--preset--spacing--60)\">Konserven und Trockenprodukte<\/a><\/div>\n<\/div>\n<\/div>\n\n\n\n<div style=\"height:103px\" aria-hidden=\"true\" class=\"wp-block-spacer\"><\/div>\n\n\n\n<div class=\"wp-block-columns is-layout-flex wp-container-core-columns-is-layout-28f84493 wp-block-columns-is-layout-flex\">\n<div class=\"wp-block-column is-vertically-aligned-center is-layout-flow wp-block-column-is-layout-flow\">\n<div class=\"wp-block-group is-vertical is-content-justification-left is-nowrap is-layout-flex wp-container-core-group-is-layout-87328470 wp-block-group-is-layout-flex\">\n<h5 class=\"wp-block-heading animated rotateInUpLeft\">Paulinka GmbH ist spezialisiert auf den internationalen Lebensmittelhandel und die Vernetzung von Produzenten mit Importeuren, Distributoren und Einzelhandelsketten.<\/h5>\n\n\n\n<p>Dank unseres weitreichenden Netzwerks kooperierender Produktionsst\u00e4tten bieten wir Zugang zu gepr\u00fcften Produzenten, flexiblen Produktionsvolumina und der M\u00f6glichkeit, Private-Label-Projekte umzusetzen.<\/p>\n\n\n\n<p>Wir bedienen sowohl Produzenten, die neue Absatzm\u00e4rkte suchen, als auch Importeure, die ihr Angebot um hochwertige Produkte aus Europa erweitern m\u00f6chten.<\/p>\n<\/div>\n<\/div>\n\n\n\n<div class=\"wp-block-column is-layout-flow wp-block-column-is-layout-flow\">\n<figure class=\"wp-block-image aligncenter size-full is-resized has-custom-border animated fadeIn slower wp-duotone-000000-rgb23116328-2\" style=\"margin-right:0;margin-left:0\"><img loading=\"lazy\" decoding=\"async\" width=\"1536\" height=\"1024\" src=\"https:\/\/paulinka-trading-group.pl\/wp-content\/uploads\/2026\/03\/file_000000006388722fbe9e53b5b74f1add.png\" alt=\"\" class=\"wp-image-317\" style=\"border-top-left-radius:47px;border-top-right-radius:47px;border-bottom-left-radius:47px;border-bottom-right-radius:47px;aspect-ratio:1.4999999663409072;width:478px;height:auto\" srcset=\"https:\/\/paulinka-trading-group.pl\/wp-content\/uploads\/2026\/03\/file_000000006388722fbe9e53b5b74f1add.png 1536w, https:\/\/paulinka-trading-group.pl\/wp-content\/uploads\/2026\/03\/file_000000006388722fbe9e53b5b74f1add-600x400.png 600w, https:\/\/paulinka-trading-group.pl\/wp-content\/uploads\/2026\/03\/file_000000006388722fbe9e53b5b74f1add-400x267.png 400w, https:\/\/paulinka-trading-group.pl\/wp-content\/uploads\/2026\/03\/file_000000006388722fbe9e53b5b74f1add-300x200.png 300w, https:\/\/paulinka-trading-group.pl\/wp-content\/uploads\/2026\/03\/file_000000006388722fbe9e53b5b74f1add-1024x683.png 1024w, https:\/\/paulinka-trading-group.pl\/wp-content\/uploads\/2026\/03\/file_000000006388722fbe9e53b5b74f1add-768x512.png 768w\" sizes=\"auto, (max-width: 1536px) 100vw, 1536px\" \/><\/figure>\n<\/div>\n<\/div>\n\n\n\n<div style=\"height:100px\" aria-hidden=\"true\" class=\"wp-block-spacer\"><\/div>\n\n\n\n<h2 class=\"wp-block-heading has-text-align-center animated fadeInUp has-palette-color-2-color has-palette-color-6-background-color has-text-color has-background has-link-color wp-elements-644ccb5d65d725bac9ad6c9812831325\" style=\"border-top-left-radius:40px;border-top-right-radius:40px;border-bottom-left-radius:40px;border-bottom-right-radius:40px;font-size:clamp(14.642px, 0.915rem + ((1vw - 3.2px) * 0.575), 22px);\">Unser Ziel ist der Aufbau stabiler Handelsbeziehungen und langfristiger Vertriebskan\u00e4le.<\/h2>\n\n\n\n<div style=\"height:100px\" aria-hidden=\"true\" class=\"wp-block-spacer\"><\/div>\n\n\n\n<div class=\"wp-block-group alignfull has-palette-color-5-background-color has-background is-layout-constrained wp-container-core-group-is-layout-f2a76844 wp-block-group-is-layout-constrained\" style=\"margin-top:0;margin-bottom:0;padding-top:4.9rem;padding-right:var(--wp--preset--spacing--70);padding-bottom:4.9rem;padding-left:var(--wp--preset--spacing--70)\">\n<h2 class=\"wp-block-heading has-text-align-center\">Unsere Werte<\/h2>\n\n\n\n<div class=\"wp-block-columns is-layout-flex wp-container-core-columns-is-layout-28f84493 wp-block-columns-is-layout-flex\">\n<div class=\"wp-block-column animated bounceInLeft is-layout-flow wp-block-column-is-layout-flow\">\n<p class=\"has-medium-font-size\"><strong>Zugang zu Produzenten<\/strong><\/p>\n\n\n\n<p style=\"font-size:clamp(14px, 0.875rem + ((1vw - 3.2px) * 0.469), 20px);\">Wir arbeiten mit Produktionsst\u00e4tten in Europa zusammen, die die Qualit\u00e4tsanforderungen des EU-Marktes erf\u00fcllen.<\/p>\n<\/div>\n\n\n\n<div class=\"wp-block-column animated bounceInLeft delay-200ms is-layout-flow wp-block-column-is-layout-flow\">\n<p class=\"has-medium-font-size\"><strong>Handel und Vertrieb<\/strong><\/p>\n\n\n\n<p style=\"font-size:clamp(14px, 0.875rem + ((1vw - 3.2px) * 0.469), 20px);\">Wir organisieren den Verkauf, Export und die Entwicklung von Vertriebsnetzen f\u00fcr Lebensmittel.<\/p>\n<\/div>\n\n\n\n<div class=\"wp-block-column animated bounceInLeft o-anim-custom-delay o-anim-value-delay-400ms is-layout-flow wp-block-column-is-layout-flow\">\n<p class=\"has-medium-font-size\"><strong>Private-Label-Produktion<\/strong><\/p>\n\n\n\n<p class=\"o-anim-value-delay-400ms\" style=\"font-size:clamp(14px, 0.875rem + ((1vw - 3.2px) * 0.469), 20px);\">Wir realisieren Eigenmarkenprojekte f\u00fcr Importeure und Einzelhandelsketten.<\/p>\n<\/div>\n<\/div>\n<\/div>\n\n\n\n<div style=\"height:100px\" aria-hidden=\"true\" class=\"wp-block-spacer\"><\/div>\n\n\n\n<hr class=\"wp-block-separator has-alpha-channel-opacity is-style-wide\" style=\"margin-top:var(--wp--preset--spacing--50);margin-bottom:var(--wp--preset--spacing--50)\"\/>\n\n\n\n<h2 class=\"wp-block-heading has-text-align-center\">Wie wir arbeiten<\/h2>\n\n\n\n<div class=\"wp-block-group alignfull animated bounce is-content-justification-center is-layout-flex wp-container-core-group-is-layout-23743234 wp-block-group-is-layout-flex has-background\" style=\"padding-top:var(--wp--preset--spacing--80);padding-bottom:var(--wp--preset--spacing--80);background-image:url(&apos;https:\/\/paulinka-trading-group.pl\/wp-content\/uploads\/2026\/03\/file_00000000d7c0722fafd1afbf8e91fb10.png&apos;);background-position:46% 53%;background-size:cover;\">\n<p class=\"has-palette-color-6-background-color has-background\" style=\"border-top-left-radius:40px;border-top-right-radius:40px;border-bottom-left-radius:40px;border-bottom-right-radius:40px\"><strong>Anfrage \u2192<\/strong><\/p>\n\n\n\n<p class=\"has-palette-color-6-background-color has-background\" style=\"border-top-left-radius:40px;border-top-right-radius:40px;border-bottom-left-radius:40px;border-bottom-right-radius:40px\"><strong>Produktspezifikation \u2192<\/strong><\/p>\n\n\n\n<p class=\"has-palette-color-6-background-color has-background\" style=\"border-top-left-radius:40px;border-top-right-radius:40px;border-bottom-left-radius:40px;border-bottom-right-radius:40px\"><strong>Angebot \u2192<\/strong><\/p>\n\n\n\n<p class=\"has-palette-color-6-background-color has-background\" style=\"border-top-left-radius:40px;border-top-right-radius:40px;border-bottom-left-radius:40px;border-bottom-right-radius:40px\"><strong>Produktion \u2192<\/strong><\/p>\n\n\n\n<p class=\"has-palette-color-6-background-color has-background\" style=\"border-top-left-radius:40px;border-top-right-radius:40px;border-bottom-left-radius:40px;border-bottom-right-radius:40px\"><strong>Logistik \u2192<\/strong><\/p>\n\n\n\n<p class=\"has-palette-color-8-color has-palette-color-1-background-color has-text-color has-background has-link-color wp-elements-eaa45840931932774dbc58ed02154880\" style=\"border-top-left-radius:40px;border-top-right-radius:40px;border-bottom-left-radius:40px;border-bottom-right-radius:40px\"><strong>Lieferung<\/strong><\/p>\n<\/div>\n\n\n\n<h2 class=\"wp-block-heading has-text-align-center animated fadeInUp has-palette-color-2-color has-palette-color-6-background-color has-text-color has-background has-link-color wp-elements-dd1405c8fcb9e7c7c204ce15e755b8e1\" style=\"border-top-left-radius:40px;border-top-right-radius:40px;border-bottom-left-radius:40px;border-bottom-right-radius:40px;font-size:clamp(14.642px, 0.915rem + ((1vw - 3.2px) * 0.575), 22px);\">Durch diesen Prozess erhalten unsere Partner stabile Lieferungen und gepr\u00fcfte Produzenten.<\/h2>\n\n\n\n<div style=\"height:100px\" aria-hidden=\"true\" class=\"wp-block-spacer\"><\/div>\n\n\n\n<div class=\"wp-block-group alignfull has-palette-color-6-background-color has-background is-layout-constrained wp-block-group-is-layout-constrained\">\n<h3 class=\"wp-block-heading\">Suchen Sie einen Handelspartner in Europa?<\/h3>\n\n\n\n<div class=\"wp-block-columns is-layout-flex wp-container-core-columns-is-layout-28f84493 wp-block-columns-is-layout-flex\">\n<div class=\"wp-block-column is-layout-flow wp-block-column-is-layout-flow\">\n<p>Kontaktieren Sie uns, um Kooperationsm\u00f6glichkeiten, das Sourcing von Produzenten oder die Vertriebsentwicklung Ihrer Produkte zu besprechen.<\/p>\n<\/div>\n\n\n\n<div class=\"wp-block-column is-vertically-aligned-center animated jello is-layout-flow wp-block-column-is-layout-flow\">\n<div class=\"wp-block-buttons is-content-justification-center is-layout-flex wp-container-core-buttons-is-layout-a89b3969 wp-block-buttons-is-layout-flex\">\n<div class=\"wp-block-button animated pulse\"><a class=\"wp-block-button__link wp-element-button\" href=\"https:\/\/paulinka-trading-group.pl\/?page_id=519&amp;lang=de\" style=\"border-top-left-radius:20px;border-top-right-radius:20px;border-bottom-left-radius:20px;border-bottom-right-radius:20px\">Senden Sie eine Anfrage und lassen Sie uns \u00fcber eine Zusammenarbeit sprechen<\/a><\/div>\n<\/div>\n<\/div>\n<\/div>\n\n\n\n<p><\/p>\n<\/div>\n","protected":false},"excerpt":{"rendered":"<p>Kategorien des Produktkatalogs Paulinka GmbH ist spezialisiert auf den internationalen Lebensmittelhandel und die Vernetzung von Produzenten mit Importeuren, Distributoren und Einzelhandelsketten. Dank unseres weitreichenden Netzwerks kooperierender Produktionsst\u00e4tten bieten wir Zugang zu gepr\u00fcften Produzenten, flexiblen Produktionsvolumina und der M\u00f6glichkeit, Private-Label-Projekte umzusetzen. Wir bedienen sowohl Produzenten, die neue Absatzm\u00e4rkte suchen, als auch Importeure, die ihr Angebot um [&hellip;]<\/p>\n","protected":false},"author":1,"featured_media":0,"parent":0,"menu_order":0,"comment_status":"closed","ping_status":"closed","template":"","meta":{"content-type":"","footnotes":""},"class_list":["post-51","page","type-page","status-publish","hentry"],"blocksy_meta":[],"_links":{"self":[{"href":"https:\/\/paulinka-trading-group.pl\/index.php?rest_route=\/wp\/v2\/pages\/51","targetHints":{"allow":["GET"]}}],"collection":[{"href":"https:\/\/paulinka-trading-group.pl\/index.php?rest_route=\/wp\/v2\/pages"}],"about":[{"href":"https:\/\/paulinka-trading-group.pl\/index.php?rest_route=\/wp\/v2\/types\/page"}],"author":[{"embeddable":true,"href":"https:\/\/paulinka-trading-group.pl\/index.php?rest_route=\/wp\/v2\/users\/1"}],"replies":[{"embeddable":true,"href":"https:\/\/paulinka-trading-group.pl\/index.php?rest_route=%2Fwp%2Fv2%2Fcomments&post=51"}],"version-history":[{"count":3,"href":"https:\/\/paulinka-trading-group.pl\/index.php?rest_route=\/wp\/v2\/pages\/51\/revisions"}],"predecessor-version":[{"id":559,"href":"https:\/\/paulinka-trading-group.pl\/index.php?rest_route=\/wp\/v2\/pages\/51\/revisions\/559"}],"wp:attachment":[{"href":"https:\/\/paulinka-trading-group.pl\/index.php?rest_route=%2Fwp%2Fv2%2Fmedia&parent=51"}],"curies":[{"name":"wp","href":"https:\/\/api.w.org\/{rel}","templated":true}]}}