{"id":426,"date":"2026-03-08T21:18:08","date_gmt":"2026-03-08T20:18:08","guid":{"rendered":"https:\/\/paulinka-trading-group.pl\/?page_id=426"},"modified":"2026-03-09T22:09:25","modified_gmt":"2026-03-09T21:09:25","slug":"o-firmie-english","status":"publish","type":"page","link":"https:\/\/paulinka-trading-group.pl\/?page_id=426&lang=en","title":{"rendered":"O firmie &#8211; English"},"content":{"rendered":"\n<div class=\"wp-block-cover alignfull is-light has-parallax\"><div class=\"wp-block-cover__image-background wp-image-288 size-large has-parallax\" style=\"background-position:50% 50%;background-image:url(https:\/\/paulinka-trading-group.pl\/wp-content\/uploads\/2026\/03\/file_000000002d607246bab6eba19d6b06a9-1024x683.png)\"><\/div><span aria-hidden=\"true\" class=\"wp-block-cover__background has-background-dim-60 has-background-dim\" style=\"background-color:#80abd1\"><\/span><div class=\"wp-block-cover__inner-container is-layout-constrained wp-block-cover-is-layout-constrained\">\n<h2 class=\"wp-block-heading alignfull has-text-align-center has-black-color has-text-color has-background has-link-color has-large-font-size wp-elements-6cac1ce28dc633bf874da27f623ef5cf\" style=\"border-top-left-radius:40px;border-top-right-radius:40px;border-bottom-left-radius:40px;border-bottom-right-radius:40px;background-color:#e1e8eda6;margin-top:0;margin-right:0;margin-bottom:0;margin-left:0\">Paulinka Trading Group is a European trading partner specializing in the wholesale of food products and selected commercial goods.<\/h2>\n<\/div><\/div>\n\n\n\n<h3 class=\"wp-block-heading\">The company focuses on stable deliveries and long-term B2B cooperation within the EU.<br>Start cooperating today<\/h3>\n\n\n\n<p>Do you have a product and want to increase sales on the European market?<\/p>\n\n\n\n<p>Contact us \u2014 we will analyze the possibilities and propose the best course of action.<\/p>\n\n\n\n<div class=\"wp-block-columns is-layout-flex wp-container-core-columns-is-layout-28f84493 wp-block-columns-is-layout-flex\">\n<div class=\"wp-block-column is-layout-flow wp-block-column-is-layout-flow\">\n<p>Paulinka GmbH <br>Fischerei 1, 84130 Dingolfing<br>Tel: +49 160 6276609<br>Mail: <a href=\"mailto:export@paulinka-trading-group.pl\">export@paulinka-trading-group.pl<\/a><\/p>\n<\/div>\n\n\n\n<div class=\"wp-block-column is-vertically-aligned-center animated jello is-layout-flow wp-block-column-is-layout-flow\">\n<div class=\"wp-block-buttons is-content-justification-center is-layout-flex wp-container-core-buttons-is-layout-a89b3969 wp-block-buttons-is-layout-flex\">\n<div class=\"wp-block-button\"><a class=\"wp-block-button__link wp-element-button\" href=\"https:\/\/paulinka-trading-group.pl\/?page_id=428&amp;lang=en\" style=\"border-top-left-radius:20px;border-top-right-radius:20px;border-bottom-left-radius:20px;border-bottom-right-radius:20px\">Send an inquiry and let&#8217;s talk about cooperation<\/a><\/div>\n<\/div>\n<\/div>\n<\/div>\n\n\n\n<div class=\"wp-block-group alignfull has-palette-color-5-background-color has-background is-layout-constrained wp-block-group-is-layout-constrained\">\n<h2 class=\"wp-block-heading has-text-align-center\">The exact location of our store:<br><\/h2>\n\n\n\n<div class=\"wp-block-columns is-layout-flex wp-container-core-columns-is-layout-28f84493 wp-block-columns-is-layout-flex\">\n<div class=\"wp-block-column is-layout-flow wp-block-column-is-layout-flow\" style=\"flex-basis:25%\"><\/div>\n\n\n\n<div class=\"wp-block-column is-layout-flow wp-block-column-is-layout-flow\" style=\"flex-basis:50%\">\n<iframe loading=\"lazy\" width=\"1125\" height=\"350\" src=\"https:\/\/www.openstreetmap.org\/export\/embed.html?bbox=12.49324679374695%2C48.62935081059767%2C12.496317923069002%2C48.63095334731146&amp;layer=mapnik&amp;marker=48.63015208531641%2C12.494782358407974\" style=\"border: 1px solid black\"><\/iframe><br\/><small><a href=\"https:\/\/www.openstreetmap.org\/?mlat=48.630152&amp;mlon=12.494782#map=19\/48.630152\/12.494782\">Wy\u015bwietl wi\u0119ksz\u0105 map\u0119<\/a><\/small>\n<\/div>\n\n\n\n<div class=\"wp-block-column is-layout-flow wp-block-column-is-layout-flow\" style=\"flex-basis:25%\"><\/div>\n<\/div>\n<\/div>\n\n\n\n<p><\/p>\n","protected":false},"excerpt":{"rendered":"<p>The company focuses on stable deliveries and long-term B2B cooperation within the EU.Start cooperating today Do you have a product and want to increase sales on the European market? Contact us \u2014 we will analyze the possibilities and propose the best course of action. Paulinka GmbH Fischerei 1, 84130 DingolfingTel: +49 160 6276609Mail: export@paulinka-trading-group.pl The [&hellip;]<\/p>\n","protected":false},"author":1,"featured_media":0,"parent":0,"menu_order":0,"comment_status":"closed","ping_status":"closed","template":"","meta":{"content-type":"","footnotes":""},"class_list":["post-426","page","type-page","status-publish","hentry"],"blocksy_meta":[],"_links":{"self":[{"href":"https:\/\/paulinka-trading-group.pl\/index.php?rest_route=\/wp\/v2\/pages\/426","targetHints":{"allow":["GET"]}}],"collection":[{"href":"https:\/\/paulinka-trading-group.pl\/index.php?rest_route=\/wp\/v2\/pages"}],"about":[{"href":"https:\/\/paulinka-trading-group.pl\/index.php?rest_route=\/wp\/v2\/types\/page"}],"author":[{"embeddable":true,"href":"https:\/\/paulinka-trading-group.pl\/index.php?rest_route=\/wp\/v2\/users\/1"}],"replies":[{"embeddable":true,"href":"https:\/\/paulinka-trading-group.pl\/index.php?rest_route=%2Fwp%2Fv2%2Fcomments&post=426"}],"version-history":[{"count":3,"href":"https:\/\/paulinka-trading-group.pl\/index.php?rest_route=\/wp\/v2\/pages\/426\/revisions"}],"predecessor-version":[{"id":676,"href":"https:\/\/paulinka-trading-group.pl\/index.php?rest_route=\/wp\/v2\/pages\/426\/revisions\/676"}],"wp:attachment":[{"href":"https:\/\/paulinka-trading-group.pl\/index.php?rest_route=%2Fwp%2Fv2%2Fmedia&parent=426"}],"curies":[{"name":"wp","href":"https:\/\/api.w.org\/{rel}","templated":true}]}}