{"id":18,"date":"2026-02-26T15:05:42","date_gmt":"2026-02-26T14:05:42","guid":{"rendered":"https:\/\/wordpress.kodujzlinuxem.pl\/paulinka-trading-group\/?page_id=17"},"modified":"2026-03-09T18:16:58","modified_gmt":"2026-03-09T17:16:58","slug":"strona-glowna","status":"publish","type":"page","link":"https:\/\/paulinka-trading-group.pl\/","title":{"rendered":"Strona g\u0142\u00f3wna"},"content":{"rendered":"\n<div class=\"wp-block-cover alignfull has-parallax has-custom-content-position is-position-top-center wp-duotone-unset-1\" style=\"margin-top:0px;margin-bottom:0px;padding-top:48px;padding-right:48px;padding-bottom:48px;padding-left:48px\"><div class=\"wp-block-cover__image-background wp-image-273 size-large has-parallax\" style=\"background-position:50% 50%;background-image:url(https:\/\/paulinka-trading-group.pl\/wp-content\/uploads\/2026\/03\/file_00000000e4e0722f9118b433d434d55b-1024x683.png)\"><\/div><span aria-hidden=\"true\" class=\"wp-block-cover__background has-palette-color-3-background-color has-background-dim-30 has-background-dim\"><\/span><div class=\"wp-block-cover__inner-container is-layout-flow wp-block-cover-is-layout-flow\">\n<div class=\"wp-block-group is-nowrap is-layout-flex wp-container-core-group-is-layout-89a94f6a wp-block-group-is-layout-flex\">\n<h1 class=\"wp-block-heading has-text-align-left animated fadeInBottomRight has-palette-color-8-color has-text-color has-background has-link-color wp-elements-699b1de031c76313f8a0b9809827f848\" style=\"border-top-left-radius:40px;border-top-right-radius:40px;border-bottom-left-radius:40px;border-bottom-right-radius:40px;background-color:#3a4f6687;margin-top:0;margin-right:0;margin-bottom:0;margin-left:0;padding-top:var(--wp--preset--spacing--30);padding-right:var(--wp--preset--spacing--50);padding-bottom:var(--wp--preset--spacing--30);padding-left:var(--wp--preset--spacing--50);font-style:normal;font-weight:700;letter-spacing:1px;line-height:1.4\">\u0141\u0105czymy producent\u00f3w \u017cywno\u015bci z rynkami Europy<\/h1>\n<\/div>\n\n\n\n<div class=\"wp-block-columns is-layout-flex wp-container-core-columns-is-layout-28f84493 wp-block-columns-is-layout-flex\">\n<div class=\"wp-block-column is-layout-flow wp-block-column-is-layout-flow\" style=\"flex-basis:60%\">\n<h2 class=\"wp-block-heading has-text-align-left animated fadeInRight delay-200ms has-palette-color-8-color has-text-color has-background has-link-color wp-elements-d68280965011a466d9912c2b4b919ee2\" style=\"border-top-left-radius:40px;border-top-right-radius:40px;border-bottom-left-radius:40px;border-bottom-right-radius:40px;background-color:#3a4f6682;margin-top:0;margin-bottom:0;padding-top:var(--wp--preset--spacing--50);padding-right:var(--wp--preset--spacing--50);padding-bottom:var(--wp--preset--spacing--50);padding-left:var(--wp--preset--spacing--50)\">Mi\u0119dzynarodowy trading, sourcing producent\u00f3w oraz produkcja private label dla partner\u00f3w B2B.<\/h2>\n<\/div>\n<\/div>\n\n\n\n<div style=\"height:40px\" aria-hidden=\"true\" class=\"wp-block-spacer\"><\/div>\n\n\n\n<div class=\"wp-block-columns is-layout-flex wp-container-core-columns-is-layout-28f84493 wp-block-columns-is-layout-flex\">\n<div class=\"wp-block-column is-layout-flow wp-block-column-is-layout-flow\" style=\"flex-basis:50%\">\n<p class=\"has-black-color has-text-color has-background has-link-color wp-elements-8fb952db9681043da13e6a6b32fcb53a\" style=\"border-top-left-radius:40px;border-top-right-radius:40px;border-bottom-left-radius:40px;border-bottom-right-radius:40px;background-color:#f2f5f7c7\"><strong>Szukasz partnera, kt\u00f3ry pomo\u017ce wprowadzi\u0107 produkty spo\u017cywcze na nowe rynki w Europie?<\/strong><\/p>\n<\/div>\n<\/div>\n\n\n\n<div style=\"height:31px\" aria-hidden=\"true\" class=\"wp-block-spacer\"><\/div>\n\n\n\n<div class=\"wp-block-buttons is-content-justification-left is-layout-flex wp-container-core-buttons-is-layout-6a42c07d wp-block-buttons-is-layout-flex\">\n<div class=\"wp-block-button is-style-fill\"><a class=\"wp-block-button__link has-text-align-center has-custom-font-size wp-element-button\" href=\"https:\/\/paulinka-trading-group.pl\/?page_id=230\" style=\"border-top-left-radius:20px;border-top-right-radius:20px;border-bottom-left-radius:20px;border-bottom-right-radius:20px;padding-top:var(--wp--preset--spacing--40);padding-right:var(--wp--preset--spacing--50);padding-bottom:var(--wp--preset--spacing--40);padding-left:var(--wp--preset--spacing--50);font-size:clamp(14px, 0.875rem + ((1vw - 3.2px) * 0.234), 17px);\">Skontaktuj si\u0119 z nami i sprawd\u017a mo\u017cliwo\u015bci wsp\u00f3\u0142pracy<\/a><\/div>\n<\/div>\n\n\n\n<div class=\"wp-block-buttons is-content-justification-left is-nowrap is-layout-flex wp-container-core-buttons-is-layout-92e17da2 wp-block-buttons-is-layout-flex\"><\/div>\n<\/div><\/div>\n\n\n\n<h2 class=\"wp-block-heading alignfull has-text-align-center has-background\" style=\"background-color:#b57a0445;margin-top:0;margin-bottom:0;letter-spacing:1px\">Kategorie katalogu produkt\u00f3w<\/h2>\n\n\n\n<div class=\"wp-block-group alignfull has-background is-content-justification-center is-layout-flex wp-container-core-group-is-layout-ebffebb8 wp-block-group-is-layout-flex\" style=\"background-color:#b57a0445;margin-top:0;margin-bottom:0;padding-top:var(--wp--preset--spacing--40);padding-right:var(--wp--preset--spacing--80);padding-bottom:var(--wp--preset--spacing--40);padding-left:var(--wp--preset--spacing--80)\">\n<div class=\"wp-block-buttons is-content-justification-center is-layout-flex wp-container-core-buttons-is-layout-fdbd80fe wp-block-buttons-is-layout-flex\" style=\"padding-top:var(--wp--preset--spacing--20);padding-bottom:var(--wp--preset--spacing--20)\">\n<div class=\"wp-block-button\"><a class=\"wp-block-button__link has-custom-font-size wp-element-button\" href=\"https:\/\/paulinka-trading-group.pl\/?product=oliwa-z-oliwek-galega\" style=\"border-style:none;border-width:0px;border-top-left-radius:20px;border-top-right-radius:20px;border-bottom-left-radius:20px;border-bottom-right-radius:20px;padding-top:var(--wp--preset--spacing--40);padding-right:var(--wp--preset--spacing--60);padding-bottom:var(--wp--preset--spacing--40);padding-left:var(--wp--preset--spacing--60);font-size:clamp(14px, 0.875rem + ((1vw - 3.2px) * 0.234), 17px);\">Produkt flagowy<\/a><\/div>\n\n\n\n<div class=\"wp-block-button\"><a class=\"wp-block-button__link has-palette-color-4-color has-palette-color-6-background-color has-text-color has-background has-link-color wp-element-button\" href=\"https:\/\/paulinka-trading-group.pl\/?product_cat=oleje-i-oliwy-premium\" style=\"border-top-left-radius:20px;border-top-right-radius:20px;border-bottom-left-radius:20px;border-bottom-right-radius:20px;padding-top:var(--wp--preset--spacing--40);padding-right:var(--wp--preset--spacing--60);padding-bottom:var(--wp--preset--spacing--40);padding-left:var(--wp--preset--spacing--60)\">Oleje i Oliwy Premium<\/a><\/div>\n\n\n\n<div class=\"wp-block-button\"><a class=\"wp-block-button__link has-palette-color-4-color has-palette-color-6-background-color has-text-color has-background has-link-color wp-element-button\" href=\"https:\/\/paulinka-trading-group.pl\/?product_cat=produkty-miesne-i-konserwowe\" style=\"border-top-left-radius:20px;border-top-right-radius:20px;border-bottom-left-radius:20px;border-bottom-right-radius:20px;padding-top:var(--wp--preset--spacing--40);padding-right:var(--wp--preset--spacing--60);padding-bottom:var(--wp--preset--spacing--40);padding-left:var(--wp--preset--spacing--60)\">Produkty Mi\u0119sne i Konserwowe<\/a><\/div>\n\n\n\n<div class=\"wp-block-button\"><a class=\"wp-block-button__link has-palette-color-4-color has-palette-color-6-background-color has-text-color has-background has-link-color wp-element-button\" href=\"https:\/\/paulinka-trading-group.pl\/?product_cat=nabial\" style=\"border-top-left-radius:20px;border-top-right-radius:20px;border-bottom-left-radius:20px;border-bottom-right-radius:20px;padding-top:var(--wp--preset--spacing--40);padding-right:var(--wp--preset--spacing--60);padding-bottom:var(--wp--preset--spacing--40);padding-left:var(--wp--preset--spacing--60)\">      Nabia\u0142      <\/a><\/div>\n\n\n\n<div class=\"wp-block-button\"><a class=\"wp-block-button__link has-palette-color-4-color has-palette-color-6-background-color has-text-color has-background has-link-color wp-element-button\" href=\"https:\/\/paulinka-trading-group.pl\/?product_cat=przetwory-i-produkty-suche\" style=\"border-top-left-radius:20px;border-top-right-radius:20px;border-bottom-left-radius:20px;border-bottom-right-radius:20px;padding-top:var(--wp--preset--spacing--40);padding-right:var(--wp--preset--spacing--60);padding-bottom:var(--wp--preset--spacing--40);padding-left:var(--wp--preset--spacing--60)\">Przetwory i Produkty Suche<\/a><\/div>\n<\/div>\n<\/div>\n\n\n\n<div style=\"height:103px\" aria-hidden=\"true\" class=\"wp-block-spacer\"><\/div>\n\n\n\n<div class=\"wp-block-columns is-layout-flex wp-container-core-columns-is-layout-28f84493 wp-block-columns-is-layout-flex\">\n<div class=\"wp-block-column is-vertically-aligned-center is-layout-flow wp-block-column-is-layout-flow\">\n<div class=\"wp-block-group is-vertical is-content-justification-left is-nowrap is-layout-flex wp-container-core-group-is-layout-87328470 wp-block-group-is-layout-flex\">\n<h5 class=\"wp-block-heading animated rotateInUpLeft\">Paulinka GmbH specjalizuje si\u0119 w mi\u0119dzynarodowym handlu \u017cywno\u015bci\u0105 oraz w \u0142\u0105czeniu producent\u00f3w z importerami, dystrybutorami i sieciami handlowymi.<\/h5>\n\n\n\n<p>Dzi\u0119ki rozbudowanej sieci wsp\u00f3\u0142pracuj\u0105cych zak\u0142ad\u00f3w produkcyjnych oferujemy dost\u0119p do sprawdzonych producent\u00f3w, elastycznych wolumen\u00f3w produkcyjnych oraz mo\u017cliwo\u015bci realizacji projekt\u00f3w pod mark\u0105 w\u0142asn\u0105.<\/p>\n\n\n\n<p>Obs\u0142ugujemy zar\u00f3wno producent\u00f3w poszukuj\u0105cych nowych rynk\u00f3w sprzeda\u017cy, jak i importer\u00f3w, kt\u00f3rzy chc\u0105 rozwija\u0107 ofert\u0119 o wysokiej jako\u015bci produkty z Europy.<\/p>\n<\/div>\n<\/div>\n\n\n\n<div class=\"wp-block-column is-layout-flow wp-block-column-is-layout-flow\">\n<figure class=\"wp-block-image aligncenter size-full is-resized has-custom-border animated fadeIn slower wp-duotone-000000-rgb23116328-2\" style=\"margin-right:0;margin-left:0\"><img loading=\"lazy\" decoding=\"async\" width=\"1536\" height=\"1024\" src=\"https:\/\/paulinka-trading-group.pl\/wp-content\/uploads\/2026\/03\/file_000000006388722fbe9e53b5b74f1add.png\" alt=\"\" class=\"wp-image-317\" style=\"border-top-left-radius:47px;border-top-right-radius:47px;border-bottom-left-radius:47px;border-bottom-right-radius:47px;aspect-ratio:1.4999999663409072;width:478px;height:auto\" srcset=\"https:\/\/paulinka-trading-group.pl\/wp-content\/uploads\/2026\/03\/file_000000006388722fbe9e53b5b74f1add.png 1536w, https:\/\/paulinka-trading-group.pl\/wp-content\/uploads\/2026\/03\/file_000000006388722fbe9e53b5b74f1add-600x400.png 600w, https:\/\/paulinka-trading-group.pl\/wp-content\/uploads\/2026\/03\/file_000000006388722fbe9e53b5b74f1add-400x267.png 400w, https:\/\/paulinka-trading-group.pl\/wp-content\/uploads\/2026\/03\/file_000000006388722fbe9e53b5b74f1add-300x200.png 300w, https:\/\/paulinka-trading-group.pl\/wp-content\/uploads\/2026\/03\/file_000000006388722fbe9e53b5b74f1add-1024x683.png 1024w, https:\/\/paulinka-trading-group.pl\/wp-content\/uploads\/2026\/03\/file_000000006388722fbe9e53b5b74f1add-768x512.png 768w\" sizes=\"auto, (max-width: 1536px) 100vw, 1536px\" \/><\/figure>\n<\/div>\n<\/div>\n\n\n\n<div style=\"height:100px\" aria-hidden=\"true\" class=\"wp-block-spacer\"><\/div>\n\n\n\n<h2 class=\"wp-block-heading has-text-align-center animated fadeInUp has-palette-color-2-color has-palette-color-6-background-color has-text-color has-background has-link-color wp-elements-fd2476ee6a323c3bed94cdb5da5293ed\" style=\"border-top-left-radius:40px;border-top-right-radius:40px;border-bottom-left-radius:40px;border-bottom-right-radius:40px;font-size:clamp(14.642px, 0.915rem + ((1vw - 3.2px) * 0.575), 22px);\">Naszym celem jest budowanie stabilnych relacji handlowych oraz d\u0142ugoterminowych kana\u0142\u00f3w dystrybucji.<\/h2>\n\n\n\n<div style=\"height:100px\" aria-hidden=\"true\" class=\"wp-block-spacer\"><\/div>\n\n\n\n<div class=\"wp-block-group alignfull has-palette-color-5-background-color has-background is-layout-constrained wp-container-core-group-is-layout-f2a76844 wp-block-group-is-layout-constrained\" style=\"margin-top:0;margin-bottom:0;padding-top:4.9rem;padding-right:var(--wp--preset--spacing--70);padding-bottom:4.9rem;padding-left:var(--wp--preset--spacing--70)\">\n<h2 class=\"wp-block-heading has-text-align-center\">Nasze warto\u015bci<\/h2>\n\n\n\n<div class=\"wp-block-columns is-layout-flex wp-container-core-columns-is-layout-28f84493 wp-block-columns-is-layout-flex\">\n<div class=\"wp-block-column animated bounceInLeft is-layout-flow wp-block-column-is-layout-flow\">\n<p class=\"has-medium-font-size\"><strong>Dost\u0119p do producent\u00f3w<\/strong><\/p>\n\n\n\n<p style=\"font-size:clamp(14px, 0.875rem + ((1vw - 3.2px) * 0.469), 20px);\">Wsp\u00f3\u0142pracujemy z zak\u0142adami produkcyjnymi w Europie, kt\u00f3re spe\u0142niaj\u0105 wymagania jako\u015bciowe rynku UE.<\/p>\n<\/div>\n\n\n\n<div class=\"wp-block-column animated bounceInLeft delay-200ms is-layout-flow wp-block-column-is-layout-flow\">\n<p class=\"has-medium-font-size\"><strong>Handel i dystrybucja<\/strong><\/p>\n\n\n\n<p style=\"font-size:clamp(14px, 0.875rem + ((1vw - 3.2px) * 0.469), 20px);\">Organizujemy sprzeda\u017c, eksport oraz rozw\u00f3j sieci dystrybucji dla produkt\u00f3w spo\u017cywczych.<\/p>\n<\/div>\n\n\n\n<div class=\"wp-block-column animated bounceInLeft o-anim-custom-delay o-anim-value-delay-400ms is-layout-flow wp-block-column-is-layout-flow\">\n<p class=\"has-medium-font-size\"><strong>Produkcja private label<\/strong><\/p>\n\n\n\n<p class=\"o-anim-value-delay-400ms\" style=\"font-size:clamp(14px, 0.875rem + ((1vw - 3.2px) * 0.469), 20px);\">Realizujemy projekty marek w\u0142asnych dla importer\u00f3w i sieci handlowych.<\/p>\n<\/div>\n<\/div>\n<\/div>\n\n\n\n<div style=\"height:100px\" aria-hidden=\"true\" class=\"wp-block-spacer\"><\/div>\n\n\n\n<hr class=\"wp-block-separator has-alpha-channel-opacity is-style-wide\" style=\"margin-top:var(--wp--preset--spacing--50);margin-bottom:var(--wp--preset--spacing--50)\"\/>\n\n\n\n<h2 class=\"wp-block-heading has-text-align-center\">Jak pracujemy<\/h2>\n\n\n\n<div class=\"wp-block-group alignfull animated bounce is-content-justification-center is-layout-flex wp-container-core-group-is-layout-7a06c40b wp-block-group-is-layout-flex has-background\" style=\"padding-top:var(--wp--preset--spacing--80);padding-bottom:var(--wp--preset--spacing--80);background-image:url(&apos;https:\/\/paulinka-trading-group.pl\/wp-content\/uploads\/2026\/03\/file_00000000d7c0722fafd1afbf8e91fb10.png&apos;);background-position:46% 53%;background-size:cover;\">\n<p class=\"has-text-align-center has-palette-color-6-background-color has-background wp-container-content-b864c3d2\" style=\"border-top-left-radius:40px;border-top-right-radius:40px;border-bottom-left-radius:40px;border-bottom-right-radius:40px\"><strong>Zapytanie \u2192<\/strong><\/p>\n\n\n\n<p class=\"has-text-align-center has-palette-color-6-background-color has-background\" style=\"border-top-left-radius:40px;border-top-right-radius:40px;border-bottom-left-radius:40px;border-bottom-right-radius:40px\"><strong>Specyfikacja produktu \u2192<\/strong><\/p>\n\n\n\n<p class=\"has-text-align-center has-palette-color-6-background-color has-background wp-container-content-b864c3d2\" style=\"border-top-left-radius:40px;border-top-right-radius:40px;border-bottom-left-radius:40px;border-bottom-right-radius:40px\"><strong>Oferta \u2192<\/strong><\/p>\n\n\n\n<p class=\"has-text-align-center has-palette-color-6-background-color has-background wp-container-content-b864c3d2\" style=\"border-top-left-radius:40px;border-top-right-radius:40px;border-bottom-left-radius:40px;border-bottom-right-radius:40px\"><strong>Produkcja \u2192<\/strong><\/p>\n\n\n\n<p class=\"has-text-align-center has-palette-color-6-background-color has-background wp-container-content-b864c3d2\" style=\"border-top-left-radius:40px;border-top-right-radius:40px;border-bottom-left-radius:40px;border-bottom-right-radius:40px\"><strong>Logistyka \u2192<\/strong><\/p>\n\n\n\n<p class=\"has-text-align-center has-palette-color-8-color has-palette-color-1-background-color has-text-color has-background has-link-color wp-elements-d48bfbc8f28aa0fcf414684430c6cd5b wp-container-content-b864c3d2\" style=\"border-top-left-radius:40px;border-top-right-radius:40px;border-bottom-left-radius:40px;border-bottom-right-radius:40px\"><strong>Dostawa<\/strong><\/p>\n<\/div>\n\n\n\n<h2 class=\"wp-block-heading has-text-align-center animated fadeInUp has-palette-color-2-color has-palette-color-6-background-color has-text-color has-background has-link-color wp-elements-2de1cde2299e371b3d34b6b29186a66b\" style=\"border-top-left-radius:40px;border-top-right-radius:40px;border-bottom-left-radius:40px;border-bottom-right-radius:40px;font-size:clamp(14.642px, 0.915rem + ((1vw - 3.2px) * 0.575), 22px);\">Dzi\u0119ki temu procesowi nasi partnerzy otrzymuj\u0105 stabilne dostawy i sprawdzonych producent\u00f3w.<\/h2>\n\n\n\n<div style=\"height:100px\" aria-hidden=\"true\" class=\"wp-block-spacer\"><\/div>\n\n\n\n<div class=\"wp-block-group alignfull has-palette-color-6-background-color has-background is-layout-constrained wp-block-group-is-layout-constrained\">\n<h3 class=\"wp-block-heading\">Szukasz partnera handlowego w Europie?<\/h3>\n\n\n\n<div class=\"wp-block-columns is-layout-flex wp-container-core-columns-is-layout-28f84493 wp-block-columns-is-layout-flex\">\n<div class=\"wp-block-column is-layout-flow wp-block-column-is-layout-flow\">\n<p>Skontaktuj si\u0119 z nami, aby om\u00f3wi\u0107 mo\u017cliwo\u015bci wsp\u00f3\u0142pracy, sourcing producent\u00f3w lub rozw\u00f3j sprzeda\u017cy Twoich produkt\u00f3w.<\/p>\n<\/div>\n\n\n\n<div class=\"wp-block-column is-vertically-aligned-center animated jello is-layout-flow wp-block-column-is-layout-flow\">\n<div class=\"wp-block-buttons is-content-justification-center is-layout-flex wp-container-core-buttons-is-layout-a89b3969 wp-block-buttons-is-layout-flex\">\n<div class=\"wp-block-button animated pulse\"><a class=\"wp-block-button__link wp-element-button\" href=\"https:\/\/paulinka-trading-group.pl\/?page_id=230\" style=\"border-top-left-radius:20px;border-top-right-radius:20px;border-bottom-left-radius:20px;border-bottom-right-radius:20px\">Wy\u015blij zapytanie i porozmawiajmy o wsp\u00f3\u0142pracy<\/a><\/div>\n<\/div>\n<\/div>\n<\/div>\n\n\n\n<p><\/p>\n<\/div>\n","protected":false},"excerpt":{"rendered":"<p>Kategorie katalogu produkt\u00f3w Paulinka GmbH specjalizuje si\u0119 w mi\u0119dzynarodowym handlu \u017cywno\u015bci\u0105 oraz w \u0142\u0105czeniu producent\u00f3w z importerami, dystrybutorami i sieciami handlowymi. Dzi\u0119ki rozbudowanej sieci wsp\u00f3\u0142pracuj\u0105cych zak\u0142ad\u00f3w produkcyjnych oferujemy dost\u0119p do sprawdzonych producent\u00f3w, elastycznych wolumen\u00f3w produkcyjnych oraz mo\u017cliwo\u015bci realizacji projekt\u00f3w pod mark\u0105 w\u0142asn\u0105. Obs\u0142ugujemy zar\u00f3wno producent\u00f3w poszukuj\u0105cych nowych rynk\u00f3w sprzeda\u017cy, jak i importer\u00f3w, kt\u00f3rzy chc\u0105 rozwija\u0107 [&hellip;]<\/p>\n","protected":false},"author":1,"featured_media":0,"parent":0,"menu_order":0,"comment_status":"closed","ping_status":"closed","template":"","meta":{"content-type":"","footnotes":""},"class_list":["post-18","page","type-page","status-publish","hentry"],"blocksy_meta":[],"_links":{"self":[{"href":"https:\/\/paulinka-trading-group.pl\/index.php?rest_route=\/wp\/v2\/pages\/18","targetHints":{"allow":["GET"]}}],"collection":[{"href":"https:\/\/paulinka-trading-group.pl\/index.php?rest_route=\/wp\/v2\/pages"}],"about":[{"href":"https:\/\/paulinka-trading-group.pl\/index.php?rest_route=\/wp\/v2\/types\/page"}],"author":[{"embeddable":true,"href":"https:\/\/paulinka-trading-group.pl\/index.php?rest_route=\/wp\/v2\/users\/1"}],"replies":[{"embeddable":true,"href":"https:\/\/paulinka-trading-group.pl\/index.php?rest_route=%2Fwp%2Fv2%2Fcomments&post=18"}],"version-history":[{"count":90,"href":"https:\/\/paulinka-trading-group.pl\/index.php?rest_route=\/wp\/v2\/pages\/18\/revisions"}],"predecessor-version":[{"id":630,"href":"https:\/\/paulinka-trading-group.pl\/index.php?rest_route=\/wp\/v2\/pages\/18\/revisions\/630"}],"wp:attachment":[{"href":"https:\/\/paulinka-trading-group.pl\/index.php?rest_route=%2Fwp%2Fv2%2Fmedia&parent=18"}],"curies":[{"name":"wp","href":"https:\/\/api.w.org\/{rel}","templated":true}]}}